{"id":362,"date":"2026-01-27T16:37:20","date_gmt":"2026-01-27T16:37:20","guid":{"rendered":"https:\/\/bronca.ilerweb.net\/?page_id=362"},"modified":"2026-02-03T16:48:33","modified_gmt":"2026-02-03T16:48:33","slug":"carrito-2","status":"publish","type":"page","link":"https:\/\/bronca.es\/?page_id=362","title":{"rendered":"Carrito"},"content":{"rendered":"\n<div data-block-name=\"woocommerce\/cart\" class=\"wp-block-woocommerce-cart alignwide is-loading\">\n<div data-block-name=\"woocommerce\/filled-cart-block\" class=\"wp-block-woocommerce-filled-cart-block\">\n<div data-block-name=\"woocommerce\/cart-items-block\" class=\"wp-block-woocommerce-cart-items-block\">\n<div data-block-name=\"woocommerce\/cart-line-items-block\" class=\"wp-block-woocommerce-cart-line-items-block\"><\/div>\n\n\n<\/div>\n\n\n\n\n<div data-block-name=\"woocommerce\/cart-totals-block\" class=\"wp-block-woocommerce-cart-totals-block\">\n<div data-block-name=\"woocommerce\/cart-order-summary-block\" class=\"wp-block-woocommerce-cart-order-summary-block\">\n<div data-block-name=\"woocommerce\/cart-order-summary-heading-block\" class=\"wp-block-woocommerce-cart-order-summary-heading-block\"><\/div><div data-block-name=\"woocommerce\/cart-order-summary-coupon-form-block\" class=\"wp-block-woocommerce-cart-order-summary-coupon-form-block\"><\/div><div data-block-name=\"woocommerce\/cart-order-summary-totals-block\" class=\"wp-block-woocommerce-cart-order-summary-totals-block\">\n<div data-block-name=\"woocommerce\/cart-order-summary-subtotal-block\" class=\"wp-block-woocommerce-cart-order-summary-subtotal-block\"><\/div>\n<div data-block-name=\"woocommerce\/cart-order-summary-discount-block\" class=\"wp-block-woocommerce-cart-order-summary-discount-block\"><\/div>\n<div data-block-name=\"woocommerce\/cart-order-summary-fee-block\" class=\"wp-block-woocommerce-cart-order-summary-fee-block\"><\/div>\n<div data-block-name=\"woocommerce\/cart-order-summary-shipping-block\" class=\"wp-block-woocommerce-cart-order-summary-shipping-block\"><\/div>\n<div data-block-name=\"woocommerce\/cart-order-summary-taxes-block\" class=\"wp-block-woocommerce-cart-order-summary-taxes-block\"><\/div><\/div>\n<\/div>\n\n\n\n<div data-block-name=\"woocommerce\/cart-express-payment-block\" class=\"wp-block-woocommerce-cart-express-payment-block\"><\/div>\n\n\n\n<div data-block-name=\"woocommerce\/proceed-to-checkout-block\" class=\"wp-block-woocommerce-proceed-to-checkout-block\"><\/div>\n\n\n\n<div data-block-name=\"woocommerce\/cart-accepted-payment-methods-block\" class=\"wp-block-woocommerce-cart-accepted-payment-methods-block\"><\/div>\n<\/div>\n<\/div>\n\n\n\n<div data-block-name=\"woocommerce\/empty-cart-block\" class=\"wp-block-woocommerce-empty-cart-block\">\n<h2 class=\"wp-block-heading has-text-align-center with-empty-cart-icon wc-block-cart__empty-cart__title\">\u00a1Tu carrito est\u00e1 actualmente vac\u00edo!<\/h2>\n\n\n\n<hr class=\"wp-block-separator has-alpha-channel-opacity is-style-dots\"\/>\n\n\n\n<h2 class=\"wp-block-heading has-text-align-center\">Nuevo en la tienda<\/h2>\n\n\n<div data-block-name=\"woocommerce\/product-new\" data-columns=\"4\" data-rows=\"1\" class=\"wc-block-grid wp-block-product-new wp-block-woocommerce-product-new wc-block-product-new has-4-columns\"><ul class=\"wc-block-grid__products\"><li class=\"wc-block-grid__product\">\n\t\t\t\t<a href=\"https:\/\/bronca.es\/?product=capita-alkarras-el-comic-trampa-joan-salo\" class=\"wc-block-grid__product-link\">\n\t\t\t\t\t\n\t\t\t\t\t<div class=\"wc-block-grid__product-image\"><img loading=\"lazy\" decoding=\"async\" width=\"324\" height=\"324\" src=\"https:\/\/bronca.es\/wp-content\/uploads\/2026\/04\/WhatsApp-Image-2026-04-12-at-18.33.50-324x324.jpeg\" class=\"attachment-woocommerce_thumbnail size-woocommerce_thumbnail\" alt=\"CAPIT\u00c0 ALKARR\u00c0S El c\u00f2mic trampa - Joan Sal\u00f3\" srcset=\"https:\/\/bronca.es\/wp-content\/uploads\/2026\/04\/WhatsApp-Image-2026-04-12-at-18.33.50-324x324.jpeg 324w, https:\/\/bronca.es\/wp-content\/uploads\/2026\/04\/WhatsApp-Image-2026-04-12-at-18.33.50-150x150.jpeg 150w, https:\/\/bronca.es\/wp-content\/uploads\/2026\/04\/WhatsApp-Image-2026-04-12-at-18.33.50-100x100.jpeg 100w\" sizes=\"auto, (max-width: 324px) 100vw, 324px\" \/><\/div>\n\t\t\t\t\t<div class=\"wc-block-grid__product-title\">CAPIT\u00c0 ALKARR\u00c0S El c\u00f2mic trampa &#8211; Joan Sal\u00f3<\/div>\n\t\t\t\t<\/a>\n\t\t\t\t<div class=\"wc-block-grid__product-price price\"><span class=\"woocommerce-Price-amount amount\">10,00&nbsp;<span class=\"woocommerce-Price-currencySymbol\">&euro;<\/span><\/span> <small class=\"woocommerce-price-suffix\">Incluye IVA<\/small><\/div>\n\t\t\t\t\n\t\t\t\t<div class=\"wp-block-button wc-block-grid__product-add-to-cart\"><a href=\"\/index.php?rest_route=%2Fwp%2Fv2%2Fpages%2F362&#038;add-to-cart=420\" aria-label=\"A\u00f1adir al carrito: &ldquo;CAPIT\u00c0 ALKARR\u00c0S El c\u00f2mic trampa - Joan Sal\u00f3&rdquo;\" data-quantity=\"1\" data-product_id=\"420\" data-product_sku=\"\" data-price=\"10\" rel=\"nofollow\" class=\"wp-block-button__link  add_to_cart_button ajax_add_to_cart\">A\u00f1adir al carrito<\/a><\/div>\n\t\t\t<\/li><li class=\"wc-block-grid__product\">\n\t\t\t\t<a href=\"https:\/\/bronca.es\/?product=lleida-sobrenatural-colectivo-3\" class=\"wc-block-grid__product-link\">\n\t\t\t\t\t\n\t\t\t\t\t<div class=\"wc-block-grid__product-image\"><img loading=\"lazy\" decoding=\"async\" width=\"324\" height=\"324\" src=\"https:\/\/bronca.es\/wp-content\/uploads\/2025\/01\/lleida-sobrenatural-324x324.jpg\" class=\"attachment-woocommerce_thumbnail size-woocommerce_thumbnail\" alt=\"LLEIDA SOBRENATURAL - Colectivo\" srcset=\"https:\/\/bronca.es\/wp-content\/uploads\/2025\/01\/lleida-sobrenatural-324x324.jpg 324w, https:\/\/bronca.es\/wp-content\/uploads\/2025\/01\/lleida-sobrenatural-100x100.jpg 100w, https:\/\/bronca.es\/wp-content\/uploads\/2025\/01\/lleida-sobrenatural-150x150.jpg 150w\" sizes=\"auto, (max-width: 324px) 100vw, 324px\" \/><\/div>\n\t\t\t\t\t<div class=\"wc-block-grid__product-title\">LLEIDA SOBRENATURAL &#8211; Colectivo<\/div>\n\t\t\t\t<\/a>\n\t\t\t\t<div class=\"wc-block-grid__product-price price\"><span class=\"woocommerce-Price-amount amount\">7,00&nbsp;<span class=\"woocommerce-Price-currencySymbol\">&euro;<\/span><\/span> <small class=\"woocommerce-price-suffix\">Incluye IVA<\/small><\/div>\n\t\t\t\t\n\t\t\t\t<div class=\"wp-block-button wc-block-grid__product-add-to-cart\"><a href=\"\/index.php?rest_route=%2Fwp%2Fv2%2Fpages%2F362&#038;add-to-cart=262\" aria-label=\"A\u00f1adir al carrito: &ldquo;LLEIDA SOBRENATURAL - Colectivo&rdquo;\" data-quantity=\"1\" data-product_id=\"262\" data-product_sku=\"\" data-price=\"7\" rel=\"nofollow\" class=\"wp-block-button__link  add_to_cart_button ajax_add_to_cart\">A\u00f1adir al carrito<\/a><\/div>\n\t\t\t<\/li><li class=\"wc-block-grid__product\">\n\t\t\t\t<a href=\"https:\/\/bronca.es\/?product=lleida-bajo-una-cupula-colectivo-5\" class=\"wc-block-grid__product-link\">\n\t\t\t\t\t\n\t\t\t\t\t<div class=\"wc-block-grid__product-image\"><img loading=\"lazy\" decoding=\"async\" width=\"324\" height=\"324\" src=\"https:\/\/bronca.es\/wp-content\/uploads\/2025\/01\/cupula_portada-web-1-324x324.png\" class=\"attachment-woocommerce_thumbnail size-woocommerce_thumbnail\" alt=\"LLEIDA BAJO UNA C\u00daPULA - Colectivo\" srcset=\"https:\/\/bronca.es\/wp-content\/uploads\/2025\/01\/cupula_portada-web-1-324x324.png 324w, https:\/\/bronca.es\/wp-content\/uploads\/2025\/01\/cupula_portada-web-1-100x100.png 100w, https:\/\/bronca.es\/wp-content\/uploads\/2025\/01\/cupula_portada-web-1-150x150.png 150w\" sizes=\"auto, (max-width: 324px) 100vw, 324px\" \/><\/div>\n\t\t\t\t\t<div class=\"wc-block-grid__product-title\">LLEIDA BAJO UNA C\u00daPULA &#8211; Colectivo<\/div>\n\t\t\t\t<\/a>\n\t\t\t\t<div class=\"wc-block-grid__product-price price\"><span class=\"woocommerce-Price-amount amount\">7,00&nbsp;<span class=\"woocommerce-Price-currencySymbol\">&euro;<\/span><\/span> <small class=\"woocommerce-price-suffix\">Incluye IVA<\/small><\/div>\n\t\t\t\t\n\t\t\t\t<div class=\"wp-block-button wc-block-grid__product-add-to-cart\"><a href=\"\/index.php?rest_route=%2Fwp%2Fv2%2Fpages%2F362&#038;add-to-cart=257\" aria-label=\"A\u00f1adir al carrito: &ldquo;LLEIDA BAJO UNA C\u00daPULA - Colectivo&rdquo;\" data-quantity=\"1\" data-product_id=\"257\" data-product_sku=\"\" data-price=\"7\" rel=\"nofollow\" class=\"wp-block-button__link  add_to_cart_button ajax_add_to_cart\">A\u00f1adir al carrito<\/a><\/div>\n\t\t\t<\/li><li class=\"wc-block-grid__product\">\n\t\t\t\t<a href=\"https:\/\/bronca.es\/?product=topo-integral-topo-3\" class=\"wc-block-grid__product-link\">\n\t\t\t\t\t\n\t\t\t\t\t<div class=\"wc-block-grid__product-image\"><img loading=\"lazy\" decoding=\"async\" width=\"324\" height=\"324\" src=\"https:\/\/bronca.es\/wp-content\/uploads\/2025\/01\/topo2_portcontr-324x324.jpg\" class=\"attachment-woocommerce_thumbnail size-woocommerce_thumbnail\" alt=\"TOPO&#039;S TOTUM REVOLOTUM - Topo\" srcset=\"https:\/\/bronca.es\/wp-content\/uploads\/2025\/01\/topo2_portcontr-324x324.jpg 324w, https:\/\/bronca.es\/wp-content\/uploads\/2025\/01\/topo2_portcontr-150x150.jpg 150w, https:\/\/bronca.es\/wp-content\/uploads\/2025\/01\/topo2_portcontr-100x100.jpg 100w\" sizes=\"auto, (max-width: 324px) 100vw, 324px\" \/><\/div>\n\t\t\t\t\t<div class=\"wc-block-grid__product-title\">TOPO&#8217;S TOTUM REVOLOTUM &#8211; Topo<\/div>\n\t\t\t\t<\/a>\n\t\t\t\t<div class=\"wc-block-grid__product-price price\"><span class=\"woocommerce-Price-amount amount\">7,00&nbsp;<span class=\"woocommerce-Price-currencySymbol\">&euro;<\/span><\/span> <small class=\"woocommerce-price-suffix\">Incluye IVA<\/small><\/div>\n\t\t\t\t\n\t\t\t\t<div class=\"wp-block-button wc-block-grid__product-add-to-cart\"><a href=\"\/index.php?rest_route=%2Fwp%2Fv2%2Fpages%2F362&#038;add-to-cart=255\" aria-label=\"A\u00f1adir al carrito: &ldquo;TOPO&#039;S TOTUM REVOLOTUM - Topo&rdquo;\" data-quantity=\"1\" data-product_id=\"255\" data-product_sku=\"\" data-price=\"7\" rel=\"nofollow\" class=\"wp-block-button__link  add_to_cart_button ajax_add_to_cart\">A\u00f1adir al carrito<\/a><\/div>\n\t\t\t<\/li><\/ul><\/div><\/div>\n<\/div>\n","protected":false},"excerpt":{"rendered":"","protected":false},"author":1,"featured_media":0,"parent":0,"menu_order":0,"comment_status":"closed","ping_status":"closed","template":"","meta":{"footnotes":""},"class_list":["post-362","page","type-page","status-publish","hentry"],"jetpack_sharing_enabled":true,"_links":{"self":[{"href":"https:\/\/bronca.es\/index.php?rest_route=\/wp\/v2\/pages\/362","targetHints":{"allow":["GET"]}}],"collection":[{"href":"https:\/\/bronca.es\/index.php?rest_route=\/wp\/v2\/pages"}],"about":[{"href":"https:\/\/bronca.es\/index.php?rest_route=\/wp\/v2\/types\/page"}],"author":[{"embeddable":true,"href":"https:\/\/bronca.es\/index.php?rest_route=\/wp\/v2\/users\/1"}],"replies":[{"embeddable":true,"href":"https:\/\/bronca.es\/index.php?rest_route=%2Fwp%2Fv2%2Fcomments&post=362"}],"version-history":[{"count":1,"href":"https:\/\/bronca.es\/index.php?rest_route=\/wp\/v2\/pages\/362\/revisions"}],"predecessor-version":[{"id":364,"href":"https:\/\/bronca.es\/index.php?rest_route=\/wp\/v2\/pages\/362\/revisions\/364"}],"wp:attachment":[{"href":"https:\/\/bronca.es\/index.php?rest_route=%2Fwp%2Fv2%2Fmedia&parent=362"}],"curies":[{"name":"wp","href":"https:\/\/api.w.org\/{rel}","templated":true}]}}