{"id":67,"date":"2025-01-28T17:06:55","date_gmt":"2025-01-28T17:06:55","guid":{"rendered":"https:\/\/test.ilerweb.net\/bronca\/?page_id=67"},"modified":"2025-01-28T17:06:56","modified_gmt":"2025-01-28T17:06:56","slug":"bronca","status":"publish","type":"page","link":"https:\/\/bronca.es\/?page_id=67","title":{"rendered":"Bronca"},"content":{"rendered":"\n<p><strong>\u00bfQui\u00e9nes somos?<\/strong><\/p>\n\n\n\n<p>Bronca es una asociaci\u00f3n que nace para crear una peque\u00f1a comunidad de artistas que alimentar entre las sinergias de sus socios. Ante la pr\u00e1ctica ausencia de plataformas cr\u00edticas y contraculturales en nuestra ciudad, una serie de creadoras forajidas busca generar esa clase de espacios de autogesti\u00f3n cultural.<\/p>\n\n\n\n<p>Nuestra intenci\u00f3n es generar una red de est\u00edmulos con toda clase de actividades literarias, pl\u00e1sticas, audiovisuales y musicales. En este sentido, nuestro cat\u00e1logo nace entre los proyectos de las socias gestionados en peque\u00f1os comit\u00e9s. Queremos disponer de un cercano espacio desde el que asesorarnos entre nosotras y favorecer las actividades art\u00edsticas de los j\u00f3venes que, como nosotras, quieran formar parte de la asociaci\u00f3n desarrollando proyectos.<\/p>\n\n\n\n<p><strong>\u00bfQuieres asociarte?<\/strong><\/p>\n\n\n\n<p>Todas las asociadas pagan una cuota para mantener el espacio y nuestro cat\u00e1logo surge de modo cooperativo entre las mismos socias, organizadas en peque\u00f1os comit\u00e9s. Sin embargo, es importante comprender que no perseguimos ninguna actividad lucrativa y que nuestra prioridad es la de generar una red de distribuci\u00f3n contracultural y un espacio cr\u00edtico y contestatario. Todos los beneficios de la tienda revierten en la asociaci\u00f3n. Promovemos la producci\u00f3n y distribuci\u00f3n colectiva de las obras de los asociados y asociadas, el asesoramiento para la organizaci\u00f3n de la autoedici\u00f3n y autogesti\u00f3n, las actividades y talleres en nuestra ciudad y una programaci\u00f3n peri\u00f3dica de exposiciones art\u00edsticas en la sede destinada a tal efecto. Si sientes que vibras con nuestro proyecto, que compartes una \u00f3ptica similar sobre la producci\u00f3n art\u00edstica o si simplemente tienes m\u00e1s curiosidad, no dudes en ponerte en contacto.<\/p>\n","protected":false},"excerpt":{"rendered":"<p>\u00bfQui\u00e9nes somos? Bronca es una asociaci\u00f3n que nace para crear una peque\u00f1a comunidad de artistas que alimentar entre las sinergias de sus socios. Ante la pr\u00e1ctica ausencia de plataformas cr\u00edticas [&hellip;]<\/p>\n","protected":false},"author":1,"featured_media":0,"parent":0,"menu_order":0,"comment_status":"closed","ping_status":"closed","template":"","meta":{"footnotes":""},"class_list":["post-67","page","type-page","status-publish","hentry"],"jetpack_sharing_enabled":true,"_links":{"self":[{"href":"https:\/\/bronca.es\/index.php?rest_route=\/wp\/v2\/pages\/67","targetHints":{"allow":["GET"]}}],"collection":[{"href":"https:\/\/bronca.es\/index.php?rest_route=\/wp\/v2\/pages"}],"about":[{"href":"https:\/\/bronca.es\/index.php?rest_route=\/wp\/v2\/types\/page"}],"author":[{"embeddable":true,"href":"https:\/\/bronca.es\/index.php?rest_route=\/wp\/v2\/users\/1"}],"replies":[{"embeddable":true,"href":"https:\/\/bronca.es\/index.php?rest_route=%2Fwp%2Fv2%2Fcomments&post=67"}],"version-history":[{"count":1,"href":"https:\/\/bronca.es\/index.php?rest_route=\/wp\/v2\/pages\/67\/revisions"}],"predecessor-version":[{"id":68,"href":"https:\/\/bronca.es\/index.php?rest_route=\/wp\/v2\/pages\/67\/revisions\/68"}],"wp:attachment":[{"href":"https:\/\/bronca.es\/index.php?rest_route=%2Fwp%2Fv2%2Fmedia&parent=67"}],"curies":[{"name":"wp","href":"https:\/\/api.w.org\/{rel}","templated":true}]}}