{"id":77,"date":"2025-01-28T17:13:31","date_gmt":"2025-01-28T17:13:31","guid":{"rendered":"https:\/\/test.ilerweb.net\/bronca\/?page_id=77"},"modified":"2026-03-17T16:32:56","modified_gmt":"2026-03-17T16:32:56","slug":"maya-ross","status":"publish","type":"page","link":"https:\/\/bronca.es\/?page_id=77","title":{"rendered":"Maya Ross"},"content":{"rendered":"\n<p>Judit \u201cJud\u201d Rosell (Lleida, 1989) es casi escritora, casi cantante, casi futbolista y, a veces, casi mujer.<\/p>\n\n\n<div class=\"wp-block-image\">\n<figure class=\"alignleft size-full is-resized\"><img loading=\"lazy\" decoding=\"async\" width=\"150\" height=\"150\" src=\"https:\/\/bronca.es\/wp-content\/uploads\/2026\/03\/judit-150x150-1.jpg\" alt=\"\" class=\"wp-image-414\" style=\"width:188px;height:auto\" srcset=\"https:\/\/bronca.es\/wp-content\/uploads\/2026\/03\/judit-150x150-1.jpg 150w, https:\/\/bronca.es\/wp-content\/uploads\/2026\/03\/judit-150x150-1-100x100.jpg 100w\" sizes=\"auto, (max-width: 150px) 100vw, 150px\" \/><\/figure>\n<\/div>\n\n\n<p>Empez\u00f3 y acab\u00f3 algo por primera vez que le vali\u00f3 un t\u00edtulo de Auxiliar de enfermer\u00eda a los diecinueve. Para ese entonces ya hab\u00eda cedido a su pasi\u00f3n por escribir, meti\u00e9ndose en el desconocido mundo del rol narrativo donde vomitaba dosis de imaginaci\u00f3n a diario, afici\u00f3n a la que dedic\u00f3 m\u00e1s de doce a\u00f1os de su vida.<br>Adicta a las series de fantas\u00eda y ciencia ficci\u00f3n que, seg\u00fan ella, siempre le robaban todas las ideas en pleno desarrollo, adquiri\u00f3 un grato nivel hablado y escrito de ingl\u00e9s que acab\u00f3 de pulir en los a\u00f1os que vivi\u00f3 y sufri\u00f3 en Preston, Lancashire (Inglaterra).<br>Actualmente ha encontrado en la asociaci\u00f3n de Bronca una oportunidad para seguir escupiendo imaginaci\u00f3n y que no se quede en una carpeta de Windows. Con el primer relato de fantas\u00eda post-apocal\u00edptica a unos meses de ser publicado, est\u00e1 escribiendo a cuatro manos con Luc\u00eda G\u00e1rdez su primera novela, La Palad\u00edn del Tiempo, una bilog\u00eda de fantas\u00eda (New Adult) que le vale muchas pastillas para la ansiedad, pero tambi\u00e9n es un constante recordatorio de que por fin sabe lo que quiere hacer: todo lo que pueda.<\/p>\n","protected":false},"excerpt":{"rendered":"<p>Judit \u201cJud\u201d Rosell (Lleida, 1989) es casi escritora, casi cantante, casi futbolista y, a veces, casi mujer. Empez\u00f3 y acab\u00f3 algo por primera vez que le vali\u00f3 un t\u00edtulo de [&hellip;]<\/p>\n","protected":false},"author":1,"featured_media":0,"parent":0,"menu_order":0,"comment_status":"closed","ping_status":"closed","template":"","meta":{"footnotes":""},"class_list":["post-77","page","type-page","status-publish","hentry"],"jetpack_sharing_enabled":true,"_links":{"self":[{"href":"https:\/\/bronca.es\/index.php?rest_route=\/wp\/v2\/pages\/77","targetHints":{"allow":["GET"]}}],"collection":[{"href":"https:\/\/bronca.es\/index.php?rest_route=\/wp\/v2\/pages"}],"about":[{"href":"https:\/\/bronca.es\/index.php?rest_route=\/wp\/v2\/types\/page"}],"author":[{"embeddable":true,"href":"https:\/\/bronca.es\/index.php?rest_route=\/wp\/v2\/users\/1"}],"replies":[{"embeddable":true,"href":"https:\/\/bronca.es\/index.php?rest_route=%2Fwp%2Fv2%2Fcomments&post=77"}],"version-history":[{"count":2,"href":"https:\/\/bronca.es\/index.php?rest_route=\/wp\/v2\/pages\/77\/revisions"}],"predecessor-version":[{"id":415,"href":"https:\/\/bronca.es\/index.php?rest_route=\/wp\/v2\/pages\/77\/revisions\/415"}],"wp:attachment":[{"href":"https:\/\/bronca.es\/index.php?rest_route=%2Fwp%2Fv2%2Fmedia&parent=77"}],"curies":[{"name":"wp","href":"https:\/\/api.w.org\/{rel}","templated":true}]}}