{"id":81,"date":"2025-01-28T17:16:59","date_gmt":"2025-01-28T17:16:59","guid":{"rendered":"https:\/\/test.ilerweb.net\/bronca\/?page_id=81"},"modified":"2026-03-17T16:20:43","modified_gmt":"2026-03-17T16:20:43","slug":"topo","status":"publish","type":"page","link":"https:\/\/bronca.es\/?page_id=81","title":{"rendered":"Topo"},"content":{"rendered":"\n<p>Una cig\u00fce\u00f1a beoda vomit\u00f3 sobre Lleida all\u00e1 por 1982. La pota fue a parar a un charco de sustancias psicotr\u00f3picas de cuya mezcla surgi\u00f3 un nuevo ser con \u00ednfulas de artista apodado Topo, el cual desde un primer momento mostr\u00f3 una inusitada y enfermiza atracci\u00f3n hacia la m\u00fasica, el cine y el c\u00f3mic en sus versiones m\u00e1s \u2018andergrauns\u2019.<\/p>\n\n\n<div class=\"wp-block-image\">\n<figure class=\"alignleft size-full\"><img loading=\"lazy\" decoding=\"async\" width=\"150\" height=\"150\" src=\"https:\/\/bronca.es\/wp-content\/uploads\/2026\/03\/65954471_10218924564527261_8934561526585491456_o-150x150-1.jpg\" alt=\"\" class=\"wp-image-399\" srcset=\"https:\/\/bronca.es\/wp-content\/uploads\/2026\/03\/65954471_10218924564527261_8934561526585491456_o-150x150-1.jpg 150w, https:\/\/bronca.es\/wp-content\/uploads\/2026\/03\/65954471_10218924564527261_8934561526585491456_o-150x150-1-100x100.jpg 100w\" sizes=\"auto, (max-width: 150px) 100vw, 150px\" \/><\/figure>\n<\/div>\n\n\n<p>Licenciado en Comunicaci\u00f3n Audiovisual, ha ido combinando a duras penas todas sus pasiones llevando a cabo diferentes empleos y proyectos varios. En el campo de la m\u00fasica, fue durante seis a\u00f1os el cantante de la banda Malgastando Molla (punkcore). M\u00e1s tarde espet\u00f3 sus deleznables alaridos junto a Ximi en SidosiS (punkrock) durante seis a\u00f1os m\u00e1s y actualmente vocifera cual energ\u00fameno en Ne\u00f6seb\u00f6 (fatcore).<\/p>\n\n\n\n<p>Como humorista gr\u00e1fico ha participado por medio de dibujos y fotomontajes en varios fanzines como \u2018La Infekci\u00f3n\u2019 o \u2018Silencio T\u00f3xico\u2019, as\u00ed como en la revista de s\u00e1tira pol\u00edtica \u2018La Quera\u2019 y en la revista digital \u2018La Maranya\u2019, de id\u00e9ntica tem\u00e1tica.<\/p>\n\n\n\n<p>Con Bronca ha publicado un par minifanzis, el fanzine\/c\u00f3mic \u2018Topo Integral\u2019 y ha colaborado en varias ediciones de la asociaci\u00f3n (as\u00ed como de la editorial hermana Pathosformel) haciendo portadas, ilustraciones, pr\u00f3logos, relatos y labores de edici\u00f3n.<\/p>\n\n\n\n<p>Actualmente se encuentra en medio del proceso de creaci\u00f3n de varias obras de \u00edndole diversa para la Asociaci\u00f3n Bronca.<\/p>\n","protected":false},"excerpt":{"rendered":"<p>Una cig\u00fce\u00f1a beoda vomit\u00f3 sobre Lleida all\u00e1 por 1982. La pota fue a parar a un charco de sustancias psicotr\u00f3picas de cuya mezcla surgi\u00f3 un nuevo ser con \u00ednfulas de [&hellip;]<\/p>\n","protected":false},"author":1,"featured_media":0,"parent":0,"menu_order":0,"comment_status":"closed","ping_status":"closed","template":"","meta":{"footnotes":""},"class_list":["post-81","page","type-page","status-publish","hentry"],"jetpack_sharing_enabled":true,"_links":{"self":[{"href":"https:\/\/bronca.es\/index.php?rest_route=\/wp\/v2\/pages\/81","targetHints":{"allow":["GET"]}}],"collection":[{"href":"https:\/\/bronca.es\/index.php?rest_route=\/wp\/v2\/pages"}],"about":[{"href":"https:\/\/bronca.es\/index.php?rest_route=\/wp\/v2\/types\/page"}],"author":[{"embeddable":true,"href":"https:\/\/bronca.es\/index.php?rest_route=\/wp\/v2\/users\/1"}],"replies":[{"embeddable":true,"href":"https:\/\/bronca.es\/index.php?rest_route=%2Fwp%2Fv2%2Fcomments&post=81"}],"version-history":[{"count":2,"href":"https:\/\/bronca.es\/index.php?rest_route=\/wp\/v2\/pages\/81\/revisions"}],"predecessor-version":[{"id":401,"href":"https:\/\/bronca.es\/index.php?rest_route=\/wp\/v2\/pages\/81\/revisions\/401"}],"wp:attachment":[{"href":"https:\/\/bronca.es\/index.php?rest_route=%2Fwp%2Fv2%2Fmedia&parent=81"}],"curies":[{"name":"wp","href":"https:\/\/api.w.org\/{rel}","templated":true}]}}