{"id":157,"date":"2025-01-28T17:59:19","date_gmt":"2025-01-28T17:59:19","guid":{"rendered":"https:\/\/test.ilerweb.net\/bronca\/?post_type=product&#038;p=157"},"modified":"2026-01-22T17:56:58","modified_gmt":"2026-01-22T17:56:58","slug":"capita-alkarras-vol-1-joan-salo","status":"publish","type":"product","link":"https:\/\/bronca.es\/?product=capita-alkarras-vol-1-joan-salo","title":{"rendered":"CAPIT\u00c0 ALKARR\u00c0S VOL.1 &#8211; Joan Sal\u00f3"},"content":{"rendered":"","protected":false},"excerpt":{"rendered":"<p>\u00abAlkarr\u00e0s crida. Sol jo sento els seus crits\u00bb<\/p>\n<p>A les ombres de la vila d&#8217;Alkarr\u00e0s neixen, creixen i se solucionen problemes\u00a0 sense que la seva poblaci\u00f3 se n&#8217;assabenti. Nectarines mutants, influencers ar\u00e0cnids, visitants interdimensionals, icones hist\u00f2riques, associacions de ve\u00efns i, per suposat, la iaia Pepita es donen cita a aquest volum ple d&#8217;aventures, hosties i costumisme rural.<\/p>\n<p>El Capit\u00e0 Alkarr\u00e0s irromp a Twitter al 2020 de la m\u00e0 de Joan \u00abLo Sal\u00f3\u00bb Sal\u00f3, un jove dibuixant de la infame localitat del Segri\u00e0. Ara, a l&#8217;any 2024, presenta el seu primer recopilatori amb les p\u00e0gines publicades a xarxes socials i un c\u00f2mic in\u00e8dit en una edici\u00f3 de luxe, amb solapes i tot.<\/p>\n<p>P\u00f2leg de Susana Merc\u00e8 Ballart.<\/p>\n<p>72 p\u00e0gines. B\/N. Llom. Solapes.<\/p>\n","protected":false},"featured_media":358,"comment_status":"open","ping_status":"closed","template":"","meta":[],"product_brand":[],"product_cat":[],"product_tag":[],"class_list":{"0":"post-157","1":"product","2":"type-product","3":"status-publish","4":"has-post-thumbnail","7":"first","8":"instock","9":"taxable","10":"shipping-taxable","11":"purchasable","12":"product-type-simple"},"jetpack_sharing_enabled":true,"_links":{"self":[{"href":"https:\/\/bronca.es\/index.php?rest_route=\/wp\/v2\/product\/157","targetHints":{"allow":["GET"]}}],"collection":[{"href":"https:\/\/bronca.es\/index.php?rest_route=\/wp\/v2\/product"}],"about":[{"href":"https:\/\/bronca.es\/index.php?rest_route=\/wp\/v2\/types\/product"}],"replies":[{"embeddable":true,"href":"https:\/\/bronca.es\/index.php?rest_route=%2Fwp%2Fv2%2Fcomments&post=157"}],"wp:featuredmedia":[{"embeddable":true,"href":"https:\/\/bronca.es\/index.php?rest_route=\/wp\/v2\/media\/358"}],"wp:attachment":[{"href":"https:\/\/bronca.es\/index.php?rest_route=%2Fwp%2Fv2%2Fmedia&parent=157"}],"wp:term":[{"taxonomy":"product_brand","embeddable":true,"href":"https:\/\/bronca.es\/index.php?rest_route=%2Fwp%2Fv2%2Fproduct_brand&post=157"},{"taxonomy":"product_cat","embeddable":true,"href":"https:\/\/bronca.es\/index.php?rest_route=%2Fwp%2Fv2%2Fproduct_cat&post=157"},{"taxonomy":"product_tag","embeddable":true,"href":"https:\/\/bronca.es\/index.php?rest_route=%2Fwp%2Fv2%2Fproduct_tag&post=157"}],"curies":[{"name":"wp","href":"https:\/\/api.w.org\/{rel}","templated":true}]}}