{"id":177,"date":"2025-01-28T18:01:54","date_gmt":"2025-01-28T18:01:54","guid":{"rendered":"https:\/\/test.ilerweb.net\/bronca\/?post_type=product&#038;p=177"},"modified":"2026-01-22T17:52:35","modified_gmt":"2026-01-22T17:52:35","slug":"ximis-bronca-ximi-2","status":"publish","type":"product","link":"https:\/\/bronca.es\/?product=ximis-bronca-ximi-2","title":{"rendered":"Ximi&#8217;s BRONCA &#8211; Ximi"},"content":{"rendered":"","protected":false},"excerpt":{"rendered":"<p>Ximi estuvo dibujando BRONCA desde mediados de la \u00faltima d\u00e9cada, cuando nadie le\u00eda webc\u00f3mics, hasta finales de la misma, justo antes de que volvieran a petarlo. Se trataba de 52 entregas de una historia que no iba de nada en absoluto y que, m\u00e1s tarde, dar\u00eda nombre a la editorial que mont\u00f3 con sus colegas y que hoy edita este volumen cerrando un perfecto c\u00edrculo metarreferencial.<\/p>\n<p>Este recopilatorio contiene todas las tiras publicadas y 52 tiras extra dibujadas especialmente para la ocasi\u00f3n, as\u00ed como un pr\u00f3logo de <a href=\"https:\/\/twitter.com\/Bamf_\" target=\"_blank\" rel=\"noopener\">Bamf!<\/a>, divulgador de c\u00f3mic, bell\u00edsima persona y el \u00fanico hombre blanco cis que todav\u00eda no le hab\u00eda escrito un pr\u00f3logo a Ximi.<\/p>\n<p>Pasa, acom\u00f3date, consume esta extra\u00f1a droga y, cuando termines y la realidad no sea m\u00e1s que un recuerdo lejano, disfruta de la ausencia de resaca.<\/p>\n<p>&nbsp;<\/p>\n<p>&nbsp;<\/p>\n<p><em>60 P\u00e1ginas, color<\/em><\/p>\n<p><em>20,9 x 20,9 cm<\/em><\/p>\n<p><em>ISBN: 9798798972838<\/em><\/p>\n","protected":false},"featured_media":356,"comment_status":"open","ping_status":"closed","template":"","meta":[],"product_brand":[],"product_cat":[],"product_tag":[],"class_list":{"0":"post-177","1":"product","2":"type-product","3":"status-publish","4":"has-post-thumbnail","7":"first","8":"instock","9":"taxable","10":"shipping-taxable","11":"purchasable","12":"product-type-simple"},"jetpack_sharing_enabled":true,"_links":{"self":[{"href":"https:\/\/bronca.es\/index.php?rest_route=\/wp\/v2\/product\/177","targetHints":{"allow":["GET"]}}],"collection":[{"href":"https:\/\/bronca.es\/index.php?rest_route=\/wp\/v2\/product"}],"about":[{"href":"https:\/\/bronca.es\/index.php?rest_route=\/wp\/v2\/types\/product"}],"replies":[{"embeddable":true,"href":"https:\/\/bronca.es\/index.php?rest_route=%2Fwp%2Fv2%2Fcomments&post=177"}],"wp:featuredmedia":[{"embeddable":true,"href":"https:\/\/bronca.es\/index.php?rest_route=\/wp\/v2\/media\/356"}],"wp:attachment":[{"href":"https:\/\/bronca.es\/index.php?rest_route=%2Fwp%2Fv2%2Fmedia&parent=177"}],"wp:term":[{"taxonomy":"product_brand","embeddable":true,"href":"https:\/\/bronca.es\/index.php?rest_route=%2Fwp%2Fv2%2Fproduct_brand&post=177"},{"taxonomy":"product_cat","embeddable":true,"href":"https:\/\/bronca.es\/index.php?rest_route=%2Fwp%2Fv2%2Fproduct_cat&post=177"},{"taxonomy":"product_tag","embeddable":true,"href":"https:\/\/bronca.es\/index.php?rest_route=%2Fwp%2Fv2%2Fproduct_tag&post=177"}],"curies":[{"name":"wp","href":"https:\/\/api.w.org\/{rel}","templated":true}]}}