{"id":178,"date":"2025-01-28T18:01:54","date_gmt":"2025-01-28T18:01:54","guid":{"rendered":"https:\/\/test.ilerweb.net\/bronca\/?post_type=product&#038;p=178"},"modified":"2026-01-22T17:51:48","modified_gmt":"2026-01-22T17:51:48","slug":"ruina-la-destruccio-del-casc-antic-de-lleida","status":"publish","type":"product","link":"https:\/\/bronca.es\/?product=ruina-la-destruccio-del-casc-antic-de-lleida","title":{"rendered":"RU\u00cfNA &#8211; La destrucci\u00f3 del casc antic de Lleida"},"content":{"rendered":"","protected":false},"excerpt":{"rendered":"<p>El Casc Antic de Lleida s&#8217;ha enfrontat a nombreses destruccions amb interessos pol\u00edtics. Ara una figura el transita i pensa en totes aquelles fam\u00edlies i cantonades esborrades del mapa.<\/p>\n<p>Per primer cop un c\u00f2mic psicogeogr\u00e0fic sobre el nucli antic de Lleida amb molt material extra, comentaris dels autors, un pr\u00f2leg de Blue Balulu i fragments del llibre D\u00edptico Espiritista (Aurora Dorada, 2022) i de l&#8217;obra Demolici\u00f3 Controlada de Laura Justrib\u00f3 (aka DoctoraTrans). Gui\u00f3 d&#8217;Albert Kadmon, portada i dibuixos de Ximi.<\/p>\n<p>44 p\u00e1gs.<\/p>\n<p>B\/N satinado.<\/p>\n","protected":false},"featured_media":354,"comment_status":"open","ping_status":"closed","template":"","meta":[],"product_brand":[],"product_cat":[],"product_tag":[],"class_list":{"0":"post-178","1":"product","2":"type-product","3":"status-publish","4":"has-post-thumbnail","7":"first","8":"instock","9":"taxable","10":"shipping-taxable","11":"purchasable","12":"product-type-simple"},"jetpack_sharing_enabled":true,"_links":{"self":[{"href":"https:\/\/bronca.es\/index.php?rest_route=\/wp\/v2\/product\/178","targetHints":{"allow":["GET"]}}],"collection":[{"href":"https:\/\/bronca.es\/index.php?rest_route=\/wp\/v2\/product"}],"about":[{"href":"https:\/\/bronca.es\/index.php?rest_route=\/wp\/v2\/types\/product"}],"replies":[{"embeddable":true,"href":"https:\/\/bronca.es\/index.php?rest_route=%2Fwp%2Fv2%2Fcomments&post=178"}],"wp:featuredmedia":[{"embeddable":true,"href":"https:\/\/bronca.es\/index.php?rest_route=\/wp\/v2\/media\/354"}],"wp:attachment":[{"href":"https:\/\/bronca.es\/index.php?rest_route=%2Fwp%2Fv2%2Fmedia&parent=178"}],"wp:term":[{"taxonomy":"product_brand","embeddable":true,"href":"https:\/\/bronca.es\/index.php?rest_route=%2Fwp%2Fv2%2Fproduct_brand&post=178"},{"taxonomy":"product_cat","embeddable":true,"href":"https:\/\/bronca.es\/index.php?rest_route=%2Fwp%2Fv2%2Fproduct_cat&post=178"},{"taxonomy":"product_tag","embeddable":true,"href":"https:\/\/bronca.es\/index.php?rest_route=%2Fwp%2Fv2%2Fproduct_tag&post=178"}],"curies":[{"name":"wp","href":"https:\/\/api.w.org\/{rel}","templated":true}]}}