{"id":185,"date":"2025-01-28T18:01:55","date_gmt":"2025-01-28T18:01:55","guid":{"rendered":"https:\/\/test.ilerweb.net\/bronca\/?post_type=product&#038;p=185"},"modified":"2026-01-22T17:50:28","modified_gmt":"2026-01-22T17:50:28","slug":"paginas-afiladas-para-historias-escarpadas-vol-1-ferran-martinez","status":"publish","type":"product","link":"https:\/\/bronca.es\/?product=paginas-afiladas-para-historias-escarpadas-vol-1-ferran-martinez","title":{"rendered":"P\u00e1ginas afiladas para historias escarpadas vol. 1 &#8211; Ferran Mart\u00ednez"},"content":{"rendered":"","protected":false},"excerpt":{"rendered":"<div id=\"copyFragmentChild\">\n<p class=\"ADBE_CM_adbe_text_0006 ADBE_CM_adbe_style_000005 ADBE_E_P\" lang=\"es\" data-page=\"1\">Ferran Mart\u00ednez nos trae tres relatos deliciosos para degustarlos y gozarlos en el mejor de los ambientes. Ba\u00f1o s\u00f3lo para clientes.<\/p>\n<p class=\"ADBE_CM_ADBE_CM_FULL_JUSTIFICATION ADBE_CM_adbe_text_0006 ADBE_CM_adbe_style_000002 ADBE_E_P\" lang=\"es\"><span class=\"ADBE_CM_adbe_text_0007 ADBE_E_Span\" data-page=\"1\">El mejor kebab del mundo<\/span>: Juan Luis es un ejecutivo obsesionado con la perfecci\u00f3n, una noche descubre que en su calle ha abierto un restaurante donde sirven el mejor kebab del mundo.<\/p>\n<p class=\"ADBE_CM_ADBE_CM_FULL_JUSTIFICATION ADBE_CM_adbe_text_0006 ADBE_CM_adbe_style_000002 ADBE_E_P\" lang=\"es\"><span class=\"ADBE_CM_adbe_text_0007 ADBE_E_Span\" data-page=\"1\">Pollo frito<\/span>: Juan es un adicto a las redes sociales. La influencia que ejercen sobre \u00e9l los posts de un usuario empieza a ser preocupante.<\/p>\n<p class=\"ADBE_CM_adbe_text_0006 ADBE_CM_adbe_style_000006 ADBE_E_P\" lang=\"es\"><span class=\"ADBE_CM_adbe_text_0007 ADBE_E_Span\" data-page=\"1\">Un caramelito irresistible<\/span>: Maria ingresa en una aplicaci\u00f3n de citas, pero pronto descubrir\u00e1 que ah\u00ed nada es lo que parece.<\/p>\n<\/div>\n<p>44 p\u00e1ginas, b\/n, grapado<\/p>\n","protected":false},"featured_media":352,"comment_status":"open","ping_status":"closed","template":"","meta":[],"product_brand":[],"product_cat":[],"product_tag":[],"class_list":{"0":"post-185","1":"product","2":"type-product","3":"status-publish","4":"has-post-thumbnail","7":"first","8":"instock","9":"taxable","10":"shipping-taxable","11":"purchasable","12":"product-type-simple"},"jetpack_sharing_enabled":true,"_links":{"self":[{"href":"https:\/\/bronca.es\/index.php?rest_route=\/wp\/v2\/product\/185","targetHints":{"allow":["GET"]}}],"collection":[{"href":"https:\/\/bronca.es\/index.php?rest_route=\/wp\/v2\/product"}],"about":[{"href":"https:\/\/bronca.es\/index.php?rest_route=\/wp\/v2\/types\/product"}],"replies":[{"embeddable":true,"href":"https:\/\/bronca.es\/index.php?rest_route=%2Fwp%2Fv2%2Fcomments&post=185"}],"wp:featuredmedia":[{"embeddable":true,"href":"https:\/\/bronca.es\/index.php?rest_route=\/wp\/v2\/media\/352"}],"wp:attachment":[{"href":"https:\/\/bronca.es\/index.php?rest_route=%2Fwp%2Fv2%2Fmedia&parent=185"}],"wp:term":[{"taxonomy":"product_brand","embeddable":true,"href":"https:\/\/bronca.es\/index.php?rest_route=%2Fwp%2Fv2%2Fproduct_brand&post=185"},{"taxonomy":"product_cat","embeddable":true,"href":"https:\/\/bronca.es\/index.php?rest_route=%2Fwp%2Fv2%2Fproduct_cat&post=185"},{"taxonomy":"product_tag","embeddable":true,"href":"https:\/\/bronca.es\/index.php?rest_route=%2Fwp%2Fv2%2Fproduct_tag&post=185"}],"curies":[{"name":"wp","href":"https:\/\/api.w.org\/{rel}","templated":true}]}}