{"id":187,"date":"2025-01-28T18:01:55","date_gmt":"2025-01-28T18:01:55","guid":{"rendered":"https:\/\/test.ilerweb.net\/bronca\/?post_type=product&#038;p=187"},"modified":"2026-01-22T17:48:53","modified_gmt":"2026-01-22T17:48:53","slug":"la-capilla-peligrosa-paginas-afiladas-ii-ferran-martinez","status":"publish","type":"product","link":"https:\/\/bronca.es\/?product=la-capilla-peligrosa-paginas-afiladas-ii-ferran-martinez","title":{"rendered":"LA CAPILLA PELIGROSA (P\u00e1ginas afiladas II) &#8211; Ferran Mart\u00ednez"},"content":{"rendered":"","protected":false},"excerpt":{"rendered":"<p>Este segundo volumen de P\u00e1ginas Afiladas te transportar\u00e1 a las profundidades de La Capilla Peligrosa. Un lugar de rezo fr\u00edo, h\u00famedo, en el que es tan posible alcanzar la iluminaci\u00f3n como descender a\u00fan m\u00e1s en las tinieblas.<\/p>\n<p>Desafiar el orden establecido resulta previsiblemente violento para un subalterno de una organizaci\u00f3n secreta. El sobrino irresponsable de un rico magnate pronto descubrir\u00e1 que el trabajo f\u00e1cil que ha aceptado para ganar dinero r\u00e1pido tiene un coste oculto. En un futuro no muy lejano una gran corporaci\u00f3n presiona para comprar la granja de una familia que no dar\u00e1 su brazo a torcer.<\/p>\n<p><em>La Capilla Peligrosa<\/em> es la nueva antolog\u00eda de relatos independientes de <a href=\"https:\/\/bronca.es\/producto\/paginas-afiladas-1\" target=\"_blank\" rel=\"noopener\">Ferran Mart\u00ednez<\/a>, un refrescante recorrido por los diferentes escenarios de la imaginaci\u00f3n.<\/p>\n<p>Portada de <a href=\"https:\/\/bronca.es\/ximi\">Ximi<\/a>.<br \/>\n52 p\u00e1ginas. B\/N. Grapado.<\/p>\n","protected":false},"featured_media":350,"comment_status":"open","ping_status":"closed","template":"","meta":[],"product_brand":[],"product_cat":[],"product_tag":[],"class_list":{"0":"post-187","1":"product","2":"type-product","3":"status-publish","4":"has-post-thumbnail","7":"first","8":"instock","9":"taxable","10":"shipping-taxable","11":"purchasable","12":"product-type-simple"},"jetpack_sharing_enabled":true,"_links":{"self":[{"href":"https:\/\/bronca.es\/index.php?rest_route=\/wp\/v2\/product\/187","targetHints":{"allow":["GET"]}}],"collection":[{"href":"https:\/\/bronca.es\/index.php?rest_route=\/wp\/v2\/product"}],"about":[{"href":"https:\/\/bronca.es\/index.php?rest_route=\/wp\/v2\/types\/product"}],"replies":[{"embeddable":true,"href":"https:\/\/bronca.es\/index.php?rest_route=%2Fwp%2Fv2%2Fcomments&post=187"}],"wp:featuredmedia":[{"embeddable":true,"href":"https:\/\/bronca.es\/index.php?rest_route=\/wp\/v2\/media\/350"}],"wp:attachment":[{"href":"https:\/\/bronca.es\/index.php?rest_route=%2Fwp%2Fv2%2Fmedia&parent=187"}],"wp:term":[{"taxonomy":"product_brand","embeddable":true,"href":"https:\/\/bronca.es\/index.php?rest_route=%2Fwp%2Fv2%2Fproduct_brand&post=187"},{"taxonomy":"product_cat","embeddable":true,"href":"https:\/\/bronca.es\/index.php?rest_route=%2Fwp%2Fv2%2Fproduct_cat&post=187"},{"taxonomy":"product_tag","embeddable":true,"href":"https:\/\/bronca.es\/index.php?rest_route=%2Fwp%2Fv2%2Fproduct_tag&post=187"}],"curies":[{"name":"wp","href":"https:\/\/api.w.org\/{rel}","templated":true}]}}