{"id":191,"date":"2025-01-28T18:02:00","date_gmt":"2025-01-28T18:02:00","guid":{"rendered":"https:\/\/test.ilerweb.net\/bronca\/?post_type=product&#038;p=191"},"modified":"2026-02-10T17:47:21","modified_gmt":"2026-02-10T17:47:21","slug":"pack-coneix-els-esparriots-pinta-els-esparriots-pau-bonales-pyrenna","status":"publish","type":"product","link":"https:\/\/bronca.es\/?product=pack-coneix-els-esparriots-pinta-els-esparriots-pau-bonales-pyrenna","title":{"rendered":"PACK CONEIX ELS ESPARRIOTS + PINTA ELS ESPARRIOTS &#8211; Pau Bonales, Pyrenna"},"content":{"rendered":"","protected":false},"excerpt":{"rendered":"<p>Aquest pack inclou l&#8217;assaig <strong><a href=\"https:\/\/bronca.es\/producto\/coneix-els-esparriots-1-pau-bonales-pyrenna\" target=\"_blank\" rel=\"noopener\">CONEIX ELS ESPARRIOTS<\/a><\/strong> i el llibre de pintar <strong><a href=\"https:\/\/bronca.es\/producto\/pinta-els-esparriots-pyrenna\" target=\"_blank\" rel=\"noopener\">PINTA ELS ESPARRIOTS<\/a><\/strong>.<\/p>\n<p><strong>CONEIX ELS ESPARRIOTS<\/strong><br \/>\nSaps qu\u00e8 \u00e9s un esparriot? En aquest fanzine escrit per Pau Bonales i il\u00b7lustrat per Pyrenna podr\u00e0s esbrinar-ho tot sobre aquests personatges populars presents a molts m\u00e9s indrets dels que et penses.<\/p>\n<p>44 p\u00e0gines. Blanc i negre.<\/p>\n<p><strong>PINTA ELS ESPARRIOTS<\/strong><br \/>\nSaps qu\u00e8 \u00e9s un esparriot? Al fanzine CONEIX ELS ESPARRIOTS, de Pau Bonales, podr\u00e0s esbrinar-ho i aqu\u00ed, a aquest llibre per pintar il\u00b7lustrat per Pyrenna, els podr\u00e0s veure i donar-los-hi color. Passa-ho b\u00e9!<\/p>\n<p>20 p\u00e0gines. Blanc i negre.<\/p>\n<p>&nbsp;<\/p>\n","protected":false},"featured_media":390,"comment_status":"open","ping_status":"closed","template":"","meta":[],"product_brand":[],"product_cat":[16],"product_tag":[],"class_list":{"0":"post-191","1":"product","2":"type-product","3":"status-publish","4":"has-post-thumbnail","6":"product_cat-sin-categorizar","8":"first","9":"instock","10":"taxable","11":"shipping-taxable","12":"purchasable","13":"product-type-simple"},"jetpack_sharing_enabled":true,"_links":{"self":[{"href":"https:\/\/bronca.es\/index.php?rest_route=\/wp\/v2\/product\/191","targetHints":{"allow":["GET"]}}],"collection":[{"href":"https:\/\/bronca.es\/index.php?rest_route=\/wp\/v2\/product"}],"about":[{"href":"https:\/\/bronca.es\/index.php?rest_route=\/wp\/v2\/types\/product"}],"replies":[{"embeddable":true,"href":"https:\/\/bronca.es\/index.php?rest_route=%2Fwp%2Fv2%2Fcomments&post=191"}],"wp:featuredmedia":[{"embeddable":true,"href":"https:\/\/bronca.es\/index.php?rest_route=\/wp\/v2\/media\/390"}],"wp:attachment":[{"href":"https:\/\/bronca.es\/index.php?rest_route=%2Fwp%2Fv2%2Fmedia&parent=191"}],"wp:term":[{"taxonomy":"product_brand","embeddable":true,"href":"https:\/\/bronca.es\/index.php?rest_route=%2Fwp%2Fv2%2Fproduct_brand&post=191"},{"taxonomy":"product_cat","embeddable":true,"href":"https:\/\/bronca.es\/index.php?rest_route=%2Fwp%2Fv2%2Fproduct_cat&post=191"},{"taxonomy":"product_tag","embeddable":true,"href":"https:\/\/bronca.es\/index.php?rest_route=%2Fwp%2Fv2%2Fproduct_tag&post=191"}],"curies":[{"name":"wp","href":"https:\/\/api.w.org\/{rel}","templated":true}]}}