{"id":192,"date":"2025-01-28T18:02:00","date_gmt":"2025-01-28T18:02:00","guid":{"rendered":"https:\/\/test.ilerweb.net\/bronca\/?post_type=product&#038;p=192"},"modified":"2025-10-09T17:41:09","modified_gmt":"2025-10-09T17:41:09","slug":"guerres-de-merda-fanzinethea-iii-2","status":"publish","type":"product","link":"https:\/\/bronca.es\/?product=guerres-de-merda-fanzinethea-iii-2","title":{"rendered":"GUERRES DE MERDA &#8211; FANZINETHEA III"},"content":{"rendered":"","protected":false},"excerpt":{"rendered":"<p>Mentre esperem la darrera guerra, les esquitxades de les guerres presents i passades ens cobreixen el cos. Suplicant a hipot\u00e8tics poders superiors, cremem la vida mentre presenciem el desastre de la ja \u00e0mpliament consumada in\u00e8pcia de l&#8217;esp\u00e8cia humana, versada a assolir les fites m\u00e9s infames que es coneixen. La p\u00e0tria mata.<\/p>\n<p><span style=\"font-weight: 400;\">En aquest fanzine s\u2019ha recollit l\u2019obra d\u2019artistes pertanyents a les associacions <a href=\"https:\/\/www.instagram.com\/associacio_promethea\/?hl=es\" target=\"_blank\" rel=\"noopener\">Promethea<\/a> i Bronca (Anabel, Dar\u00edo, Eli S\u00e1nchez Casanovas, Ester Gasol, <a href=\"https:\/\/bronca.es\/evel\" target=\"_blank\" rel=\"noopener\">Evel<\/a>, <a href=\"https:\/\/bronca.es\/producto\/la-capilla-peligrosa-paginas-afiladas-ii\" target=\"_blank\" rel=\"noopener\">Ferran Mart\u00ednez<\/a>, Flema, Foxy, Furia, Iv\u00e1n, Joon, <a href=\"https:\/\/bronca.es\/producto\/minifanzi-29\" target=\"_blank\" rel=\"noopener\">Jordi Prenafeta<\/a>, Lamas, Laura Justrib\u00f3 aka Dra. Trans, L\u00fa, Maribel, Llukutter, M\u00edriam Fuentes, <a href=\"https:\/\/bronca.es\/producto\/esta-pintada-la-pago-yo-aka-modesto\" target=\"_blank\" rel=\"noopener\">Modesto<\/a>, Pol, <a href=\"https:\/\/bronca.es\/topo\" target=\"_blank\" rel=\"noopener\">Topo<\/a>, Vespe, Vora i <a href=\"https:\/\/bronca.es\/ximi\" target=\"_blank\" rel=\"noopener\">Ximi<\/a>), dos col\u00b7lectius art\u00edstics de Lleida que, endinsant-se en la inf\u00e0mia, han trobat la manera d\u2019obtenir bellesa, bones intencions i esperan\u00e7a, per\u00f2 mai la pau.<\/span><\/p>\n<p>36 p\u00e0gines. Blanc i negre. Grapat.<\/p>\n","protected":false},"featured_media":338,"comment_status":"open","ping_status":"closed","template":"","meta":[],"product_brand":[],"product_cat":[],"product_tag":[],"class_list":{"0":"post-192","1":"product","2":"type-product","3":"status-publish","4":"has-post-thumbnail","7":"first","8":"instock","9":"taxable","10":"shipping-taxable","11":"purchasable","12":"product-type-simple"},"jetpack_sharing_enabled":true,"_links":{"self":[{"href":"https:\/\/bronca.es\/index.php?rest_route=\/wp\/v2\/product\/192","targetHints":{"allow":["GET"]}}],"collection":[{"href":"https:\/\/bronca.es\/index.php?rest_route=\/wp\/v2\/product"}],"about":[{"href":"https:\/\/bronca.es\/index.php?rest_route=\/wp\/v2\/types\/product"}],"replies":[{"embeddable":true,"href":"https:\/\/bronca.es\/index.php?rest_route=%2Fwp%2Fv2%2Fcomments&post=192"}],"wp:featuredmedia":[{"embeddable":true,"href":"https:\/\/bronca.es\/index.php?rest_route=\/wp\/v2\/media\/338"}],"wp:attachment":[{"href":"https:\/\/bronca.es\/index.php?rest_route=%2Fwp%2Fv2%2Fmedia&parent=192"}],"wp:term":[{"taxonomy":"product_brand","embeddable":true,"href":"https:\/\/bronca.es\/index.php?rest_route=%2Fwp%2Fv2%2Fproduct_brand&post=192"},{"taxonomy":"product_cat","embeddable":true,"href":"https:\/\/bronca.es\/index.php?rest_route=%2Fwp%2Fv2%2Fproduct_cat&post=192"},{"taxonomy":"product_tag","embeddable":true,"href":"https:\/\/bronca.es\/index.php?rest_route=%2Fwp%2Fv2%2Fproduct_tag&post=192"}],"curies":[{"name":"wp","href":"https:\/\/api.w.org\/{rel}","templated":true}]}}