{"id":195,"date":"2025-01-28T18:02:00","date_gmt":"2025-01-28T18:02:00","guid":{"rendered":"https:\/\/test.ilerweb.net\/bronca\/?post_type=product&#038;p=195"},"modified":"2025-10-09T17:42:06","modified_gmt":"2025-10-09T17:42:06","slug":"la-jaula-ferran-martinez","status":"publish","type":"product","link":"https:\/\/bronca.es\/?product=la-jaula-ferran-martinez","title":{"rendered":"LA JAULA &#8211; Ferran Mart\u00ednez"},"content":{"rendered":"","protected":false},"excerpt":{"rendered":"<p>\u00abRecuerdo un chasquido met\u00e1lico seguido de un trueno falso, recuerdo una mordedura de acero en el vientre. Recuerdo recordarlo todo.\u00bb<\/p>\n<p>Hace diez a\u00f1os que V\u00edctor trabaja como sicario para la mafia, durante este tiempo ha realizado todo tiempo de trabajos turbios, acabando con la vida de todo aquel que la organizaci\u00f3n ha dispuesto. Muchas veces ni tan siquiera conoce los nombres de sus v\u00edctimas, pero en el \u00faltimo encargo reconoce al hombre que se supone que debe matar: es Joel, uno de sus amigos de toda la vida.<\/p>\n<p>V\u00edctor de pronto es consciente de en qu\u00e9 se ha convertido y se ver\u00e1 obligado a tomar decisiones r\u00e1pido. La redenci\u00f3n solo se alcanza mediante senderos tortuosos, pero \u00e9l no tiene claro si posee el valor para recorrerlos.<\/p>\n<p>\u00bfQu\u00e9 pesa m\u00e1s? \u00bfEl fr\u00edo del miedo o la quemaz\u00f3n amarga de una consciencia?<\/p>\n<p>Portada e ilustraciones de Furia Arts.<br \/>\n44 p\u00e1ginas. B\/N. Grapado.<\/p>\n","protected":false},"featured_media":339,"comment_status":"open","ping_status":"closed","template":"","meta":[],"product_brand":[],"product_cat":[],"product_tag":[],"class_list":{"0":"post-195","1":"product","2":"type-product","3":"status-publish","4":"has-post-thumbnail","7":"first","8":"instock","9":"taxable","10":"shipping-taxable","11":"purchasable","12":"product-type-simple"},"jetpack_sharing_enabled":true,"_links":{"self":[{"href":"https:\/\/bronca.es\/index.php?rest_route=\/wp\/v2\/product\/195","targetHints":{"allow":["GET"]}}],"collection":[{"href":"https:\/\/bronca.es\/index.php?rest_route=\/wp\/v2\/product"}],"about":[{"href":"https:\/\/bronca.es\/index.php?rest_route=\/wp\/v2\/types\/product"}],"replies":[{"embeddable":true,"href":"https:\/\/bronca.es\/index.php?rest_route=%2Fwp%2Fv2%2Fcomments&post=195"}],"wp:featuredmedia":[{"embeddable":true,"href":"https:\/\/bronca.es\/index.php?rest_route=\/wp\/v2\/media\/339"}],"wp:attachment":[{"href":"https:\/\/bronca.es\/index.php?rest_route=%2Fwp%2Fv2%2Fmedia&parent=195"}],"wp:term":[{"taxonomy":"product_brand","embeddable":true,"href":"https:\/\/bronca.es\/index.php?rest_route=%2Fwp%2Fv2%2Fproduct_brand&post=195"},{"taxonomy":"product_cat","embeddable":true,"href":"https:\/\/bronca.es\/index.php?rest_route=%2Fwp%2Fv2%2Fproduct_cat&post=195"},{"taxonomy":"product_tag","embeddable":true,"href":"https:\/\/bronca.es\/index.php?rest_route=%2Fwp%2Fv2%2Fproduct_tag&post=195"}],"curies":[{"name":"wp","href":"https:\/\/api.w.org\/{rel}","templated":true}]}}