{"id":196,"date":"2025-01-28T18:02:00","date_gmt":"2025-01-28T18:02:00","guid":{"rendered":"https:\/\/test.ilerweb.net\/bronca\/?post_type=product&#038;p=196"},"modified":"2026-01-22T17:44:51","modified_gmt":"2026-01-22T17:44:51","slug":"hastio-evelyn-soriano-2","status":"publish","type":"product","link":"https:\/\/bronca.es\/?product=hastio-evelyn-soriano-2","title":{"rendered":"HAST\u00cdO &#8211; Evelyn Soriano"},"content":{"rendered":"","protected":false},"excerpt":{"rendered":"<p>\u00bfAlguna vez te has bloqueado ante la perspectiva de hacer la cama? \u00bfConoces las taquicardias previas a realizar una gesti\u00f3n burocr\u00e1tica? \u00bfA una reuni\u00f3n familiar? \u00bfA un examen? \u00bfAlguna vez te has sentido abrumade por tareas que, a ojos de los dem\u00e1s, pueden parecer triviales? No te sientas improductive. No te sientas in\u00fatil. No te sientas desgraciade. Lim\u00edtate a sentir Hast\u00edo.<\/p>\n<p><a href=\"https:\/\/bronca.es\/evel\" target=\"_blank\" rel=\"noopener\">Evelyn Soriano<\/a> nos propone un punto de vista fresco, oscuro y a la vez encantador de uno de los puntos de inflexi\u00f3n m\u00e1s desatendidos del paso a la madurez.<\/p>\n<p>52 p\u00e1ginas. Grapa. B\/N.<\/p>\n","protected":false},"featured_media":347,"comment_status":"open","ping_status":"closed","template":"","meta":[],"product_brand":[],"product_cat":[],"product_tag":[],"class_list":{"0":"post-196","1":"product","2":"type-product","3":"status-publish","4":"has-post-thumbnail","7":"first","8":"instock","9":"taxable","10":"shipping-taxable","11":"purchasable","12":"product-type-simple"},"jetpack_sharing_enabled":true,"_links":{"self":[{"href":"https:\/\/bronca.es\/index.php?rest_route=\/wp\/v2\/product\/196","targetHints":{"allow":["GET"]}}],"collection":[{"href":"https:\/\/bronca.es\/index.php?rest_route=\/wp\/v2\/product"}],"about":[{"href":"https:\/\/bronca.es\/index.php?rest_route=\/wp\/v2\/types\/product"}],"replies":[{"embeddable":true,"href":"https:\/\/bronca.es\/index.php?rest_route=%2Fwp%2Fv2%2Fcomments&post=196"}],"wp:featuredmedia":[{"embeddable":true,"href":"https:\/\/bronca.es\/index.php?rest_route=\/wp\/v2\/media\/347"}],"wp:attachment":[{"href":"https:\/\/bronca.es\/index.php?rest_route=%2Fwp%2Fv2%2Fmedia&parent=196"}],"wp:term":[{"taxonomy":"product_brand","embeddable":true,"href":"https:\/\/bronca.es\/index.php?rest_route=%2Fwp%2Fv2%2Fproduct_brand&post=196"},{"taxonomy":"product_cat","embeddable":true,"href":"https:\/\/bronca.es\/index.php?rest_route=%2Fwp%2Fv2%2Fproduct_cat&post=196"},{"taxonomy":"product_tag","embeddable":true,"href":"https:\/\/bronca.es\/index.php?rest_route=%2Fwp%2Fv2%2Fproduct_tag&post=196"}],"curies":[{"name":"wp","href":"https:\/\/api.w.org\/{rel}","templated":true}]}}