{"id":197,"date":"2025-01-28T18:02:00","date_gmt":"2025-01-28T18:02:00","guid":{"rendered":"https:\/\/test.ilerweb.net\/bronca\/?post_type=product&#038;p=197"},"modified":"2026-02-10T17:45:32","modified_gmt":"2026-02-10T17:45:32","slug":"llegada-al-yermo-de-yema-joon","status":"publish","type":"product","link":"https:\/\/bronca.es\/?product=llegada-al-yermo-de-yema-joon","title":{"rendered":"LLEGADA AL YERMO DE YEMA &#8211; Joon"},"content":{"rendered":"","protected":false},"excerpt":{"rendered":"<p>Un huevo gigante. Una nave llena de gente dispuesta para la aventura.<\/p>\n<p>Dragones durmientes, gigantes gentiles, ciudades caminantes, comadrejas cretinas y demonios dudosos se nos presentan mediante las ilustraciones de Joon para dar forma a todo un mundo de fantas\u00eda y conceptos alocados.<\/p>\n<p>Ad\u00e9ntrate en el yermo de Yema y conoce hasta el \u00faltimo rinc\u00f3n de este mundo desconocido hasta ahora.<\/p>\n<p>Textos de <a href=\"https:\/\/bronca.es\/ximi\" target=\"_blank\" rel=\"noopener\">Ximi<\/a>.<\/p>\n<p>44 p\u00e1ginas. B\/N. Grapado.<\/p>\n","protected":false},"featured_media":389,"comment_status":"open","ping_status":"closed","template":"","meta":[],"product_brand":[],"product_cat":[16],"product_tag":[],"class_list":{"0":"post-197","1":"product","2":"type-product","3":"status-publish","4":"has-post-thumbnail","6":"product_cat-sin-categorizar","8":"first","9":"instock","10":"taxable","11":"shipping-taxable","12":"purchasable","13":"product-type-simple"},"jetpack_sharing_enabled":true,"_links":{"self":[{"href":"https:\/\/bronca.es\/index.php?rest_route=\/wp\/v2\/product\/197","targetHints":{"allow":["GET"]}}],"collection":[{"href":"https:\/\/bronca.es\/index.php?rest_route=\/wp\/v2\/product"}],"about":[{"href":"https:\/\/bronca.es\/index.php?rest_route=\/wp\/v2\/types\/product"}],"replies":[{"embeddable":true,"href":"https:\/\/bronca.es\/index.php?rest_route=%2Fwp%2Fv2%2Fcomments&post=197"}],"wp:featuredmedia":[{"embeddable":true,"href":"https:\/\/bronca.es\/index.php?rest_route=\/wp\/v2\/media\/389"}],"wp:attachment":[{"href":"https:\/\/bronca.es\/index.php?rest_route=%2Fwp%2Fv2%2Fmedia&parent=197"}],"wp:term":[{"taxonomy":"product_brand","embeddable":true,"href":"https:\/\/bronca.es\/index.php?rest_route=%2Fwp%2Fv2%2Fproduct_brand&post=197"},{"taxonomy":"product_cat","embeddable":true,"href":"https:\/\/bronca.es\/index.php?rest_route=%2Fwp%2Fv2%2Fproduct_cat&post=197"},{"taxonomy":"product_tag","embeddable":true,"href":"https:\/\/bronca.es\/index.php?rest_route=%2Fwp%2Fv2%2Fproduct_tag&post=197"}],"curies":[{"name":"wp","href":"https:\/\/api.w.org\/{rel}","templated":true}]}}