{"id":198,"date":"2025-01-28T18:02:01","date_gmt":"2025-01-28T18:02:01","guid":{"rendered":"https:\/\/test.ilerweb.net\/bronca\/?post_type=product&#038;p=198"},"modified":"2026-01-22T17:41:35","modified_gmt":"2026-01-22T17:41:35","slug":"egoaventuras-ximi","status":"publish","type":"product","link":"https:\/\/bronca.es\/?product=egoaventuras-ximi","title":{"rendered":"Egoaventuras + &#8211; Ximi"},"content":{"rendered":"","protected":false},"excerpt":{"rendered":"<p>\u00bfCansancio? \u00bfApat\u00eda? \u00bfAnsiedad? \u00bfDepresi\u00f3n? Lo sabemos, toma m\u00e1s.<\/p>\n<p>Suscr\u00edbete ahora a Egoaventuras+ para acceder al mejor contenido, ahora diluido en la normalidad m\u00e1s atroz para mejorar el el confort de la gente a la que nunca le interesaron las egoaventuras.<\/p>\n<p>Contrata ahora nuestro plan con anuncios para una experiencia m\u00e1s corporativa, disfruta de la mejor selecci\u00f3n de metaficci\u00f3n para no tener que pensar nunca m\u00e1s.<\/p>\n<p>Pr\u00f3logo de M.<\/p>\n<p>48 p\u00e1ginas, blanco y negro, grapa.<\/p>\n","protected":false},"featured_media":345,"comment_status":"open","ping_status":"closed","template":"","meta":[],"product_brand":[],"product_cat":[],"product_tag":[],"class_list":{"0":"post-198","1":"product","2":"type-product","3":"status-publish","4":"has-post-thumbnail","7":"first","8":"instock","9":"taxable","10":"shipping-taxable","11":"purchasable","12":"product-type-simple"},"jetpack_sharing_enabled":true,"_links":{"self":[{"href":"https:\/\/bronca.es\/index.php?rest_route=\/wp\/v2\/product\/198","targetHints":{"allow":["GET"]}}],"collection":[{"href":"https:\/\/bronca.es\/index.php?rest_route=\/wp\/v2\/product"}],"about":[{"href":"https:\/\/bronca.es\/index.php?rest_route=\/wp\/v2\/types\/product"}],"replies":[{"embeddable":true,"href":"https:\/\/bronca.es\/index.php?rest_route=%2Fwp%2Fv2%2Fcomments&post=198"}],"wp:featuredmedia":[{"embeddable":true,"href":"https:\/\/bronca.es\/index.php?rest_route=\/wp\/v2\/media\/345"}],"wp:attachment":[{"href":"https:\/\/bronca.es\/index.php?rest_route=%2Fwp%2Fv2%2Fmedia&parent=198"}],"wp:term":[{"taxonomy":"product_brand","embeddable":true,"href":"https:\/\/bronca.es\/index.php?rest_route=%2Fwp%2Fv2%2Fproduct_brand&post=198"},{"taxonomy":"product_cat","embeddable":true,"href":"https:\/\/bronca.es\/index.php?rest_route=%2Fwp%2Fv2%2Fproduct_cat&post=198"},{"taxonomy":"product_tag","embeddable":true,"href":"https:\/\/bronca.es\/index.php?rest_route=%2Fwp%2Fv2%2Fproduct_tag&post=198"}],"curies":[{"name":"wp","href":"https:\/\/api.w.org\/{rel}","templated":true}]}}