{"id":221,"date":"2025-01-28T18:08:23","date_gmt":"2025-01-28T18:08:23","guid":{"rendered":"https:\/\/test.ilerweb.net\/bronca\/?post_type=product&#038;p=221"},"modified":"2025-10-09T17:34:27","modified_gmt":"2025-10-09T17:34:27","slug":"body-begins-2a-edicion-la-bitchisua-4","status":"publish","type":"product","link":"https:\/\/bronca.es\/?product=body-begins-2a-edicion-la-bitchisua-4","title":{"rendered":"BODY BEGINS (2\u00aa edici\u00f3n)- La Bitchisu\u00e0"},"content":{"rendered":"","protected":false},"excerpt":{"rendered":"<p>Puede resultar complicado comprender el verdadero impacto de tener un cuerpo desde la perspectiva humana. Sin embargo, doce artistas dependientes de las mismas leyes arbitrarias y ca\u00f3ticas que sus contenedores c\u00e1rnicos se han atrevido a reflexionar sobre ello desde sus magn\u00edficas rarezas y experiencias personales. Fot\u00f3grafes, ilustradores, escritores y poetas te invitan a visitar su mente para adentrarte en sus cuerpos. No te quedes sin entrar.<\/p>\n<p>Mia Biosca, Maite Ojer, Olga (@desdelapiel), <a href=\"https:\/\/bronca.es\/ximi\" target=\"_blank\" rel=\"noopener\">Ximi<\/a>, Bragas Llosa, Carlos Col\u00e1s, Anna Sent\u00eds (La Vulnerable), David del Val, Llukutter, Larry, B\u00f6reas Talens, @nomegustantuszapatos<\/p>\n<p>Pr\u00f3logo de <a href=\"https:\/\/bronca.es\/producto\/mal-un-meltdown-de-m\" target=\"_blank\" rel=\"noopener\">M<\/a>.<\/p>\n<p>52 p\u00e1ginas, bn, grapado.<\/p>\n","protected":false},"featured_media":334,"comment_status":"open","ping_status":"closed","template":"","meta":[],"product_brand":[],"product_cat":[],"product_tag":[],"class_list":{"0":"post-221","1":"product","2":"type-product","3":"status-publish","4":"has-post-thumbnail","7":"first","8":"instock","9":"taxable","10":"shipping-taxable","11":"purchasable","12":"product-type-simple"},"jetpack_sharing_enabled":true,"_links":{"self":[{"href":"https:\/\/bronca.es\/index.php?rest_route=\/wp\/v2\/product\/221","targetHints":{"allow":["GET"]}}],"collection":[{"href":"https:\/\/bronca.es\/index.php?rest_route=\/wp\/v2\/product"}],"about":[{"href":"https:\/\/bronca.es\/index.php?rest_route=\/wp\/v2\/types\/product"}],"replies":[{"embeddable":true,"href":"https:\/\/bronca.es\/index.php?rest_route=%2Fwp%2Fv2%2Fcomments&post=221"}],"wp:featuredmedia":[{"embeddable":true,"href":"https:\/\/bronca.es\/index.php?rest_route=\/wp\/v2\/media\/334"}],"wp:attachment":[{"href":"https:\/\/bronca.es\/index.php?rest_route=%2Fwp%2Fv2%2Fmedia&parent=221"}],"wp:term":[{"taxonomy":"product_brand","embeddable":true,"href":"https:\/\/bronca.es\/index.php?rest_route=%2Fwp%2Fv2%2Fproduct_brand&post=221"},{"taxonomy":"product_cat","embeddable":true,"href":"https:\/\/bronca.es\/index.php?rest_route=%2Fwp%2Fv2%2Fproduct_cat&post=221"},{"taxonomy":"product_tag","embeddable":true,"href":"https:\/\/bronca.es\/index.php?rest_route=%2Fwp%2Fv2%2Fproduct_tag&post=221"}],"curies":[{"name":"wp","href":"https:\/\/api.w.org\/{rel}","templated":true}]}}