{"id":238,"date":"2025-01-28T18:09:37","date_gmt":"2025-01-28T18:09:37","guid":{"rendered":"https:\/\/test.ilerweb.net\/bronca\/?post_type=product&#038;p=238"},"modified":"2026-01-22T17:33:56","modified_gmt":"2026-01-22T17:33:56","slug":"egoaventuras-1-2a-ed-ximi","status":"publish","type":"product","link":"https:\/\/bronca.es\/?product=egoaventuras-1-2a-ed-ximi","title":{"rendered":"Egoaventuras 1 (2\u00aa ed.) &#8211; Ximi"},"content":{"rendered":"","protected":false},"excerpt":{"rendered":"<p>Primera entrega del striptease metatextual de Ximi en la forma de cuentos c\u00ednicos y gamberros que a\u00fanan lo mejor de la tradici\u00f3n de la comedia y el stand-up.<br \/>\nCuatro historietas que abordan los grandes ejes relacionados con la creaci\u00f3n: autor\u00eda, identidad, responsabilidad social, ans\u00eda de originalidad y mentes torturadas. Todo ello con la misma frescura y antiautoritarismo por los que conocemos al autor en su faceta de dibujante de tiras y tebeos. Con ilustraciones de V\u00edctor Posino y pr\u00f3logo de Albert Kadmon.<\/p>\n<p>C\u00f3mpralo en formato ebook <strong><a href=\"https:\/\/bronca.es\/producto\/egoaventuras-ximi-ebook\">aqu\u00ed<\/a><\/strong><\/p>\n","protected":false},"featured_media":342,"comment_status":"open","ping_status":"closed","template":"","meta":[],"product_brand":[],"product_cat":[],"product_tag":[],"class_list":{"0":"post-238","1":"product","2":"type-product","3":"status-publish","4":"has-post-thumbnail","7":"first","8":"instock","9":"taxable","10":"shipping-taxable","11":"purchasable","12":"product-type-simple"},"jetpack_sharing_enabled":true,"_links":{"self":[{"href":"https:\/\/bronca.es\/index.php?rest_route=\/wp\/v2\/product\/238","targetHints":{"allow":["GET"]}}],"collection":[{"href":"https:\/\/bronca.es\/index.php?rest_route=\/wp\/v2\/product"}],"about":[{"href":"https:\/\/bronca.es\/index.php?rest_route=\/wp\/v2\/types\/product"}],"replies":[{"embeddable":true,"href":"https:\/\/bronca.es\/index.php?rest_route=%2Fwp%2Fv2%2Fcomments&post=238"}],"wp:featuredmedia":[{"embeddable":true,"href":"https:\/\/bronca.es\/index.php?rest_route=\/wp\/v2\/media\/342"}],"wp:attachment":[{"href":"https:\/\/bronca.es\/index.php?rest_route=%2Fwp%2Fv2%2Fmedia&parent=238"}],"wp:term":[{"taxonomy":"product_brand","embeddable":true,"href":"https:\/\/bronca.es\/index.php?rest_route=%2Fwp%2Fv2%2Fproduct_brand&post=238"},{"taxonomy":"product_cat","embeddable":true,"href":"https:\/\/bronca.es\/index.php?rest_route=%2Fwp%2Fv2%2Fproduct_cat&post=238"},{"taxonomy":"product_tag","embeddable":true,"href":"https:\/\/bronca.es\/index.php?rest_route=%2Fwp%2Fv2%2Fproduct_tag&post=238"}],"curies":[{"name":"wp","href":"https:\/\/api.w.org\/{rel}","templated":true}]}}