{"id":240,"date":"2025-01-28T18:09:37","date_gmt":"2025-01-28T18:09:37","guid":{"rendered":"https:\/\/test.ilerweb.net\/bronca\/?post_type=product&#038;p=240"},"modified":"2026-01-22T17:36:56","modified_gmt":"2026-01-22T17:36:56","slug":"egoaventuras-2-ximi","status":"publish","type":"product","link":"https:\/\/bronca.es\/?product=egoaventuras-2-ximi","title":{"rendered":"Egoaventuras 2- Ximi"},"content":{"rendered":"","protected":false},"excerpt":{"rendered":"<p><b>Ximi<\/b>\u00a0vuelve a la carga sin que nadie se lo pida intentando provocarte leves cosquillas cerebrales mientras \u00e9l se descojona con cinco nuevas egoaventuras. Metaficci\u00f3n desbocada y paranoia l\u00edrica. Cinco relatos con ilustraciones de\u00a0<b>Victor Posino<\/b>\u00a0y un pr\u00f3logo del infame\u00a0<b>Topo<\/b>\u00a0para qui\u00e9n quiera ver su reflejo en las tonter\u00edas de otro.<\/p>\n<p>B\/N Satinado<\/p>\n<p>C\u00f3mpralo en formato ebook <strong><a href=\"https:\/\/bronca.es\/producto\/egoaventuras-2-ximi-ebook\">aqu\u00ed<\/a><\/strong><\/p>\n","protected":false},"featured_media":343,"comment_status":"open","ping_status":"closed","template":"","meta":[],"product_brand":[],"product_cat":[],"product_tag":[],"class_list":{"0":"post-240","1":"product","2":"type-product","3":"status-publish","4":"has-post-thumbnail","7":"first","8":"instock","9":"taxable","10":"shipping-taxable","11":"purchasable","12":"product-type-simple"},"jetpack_sharing_enabled":true,"_links":{"self":[{"href":"https:\/\/bronca.es\/index.php?rest_route=\/wp\/v2\/product\/240","targetHints":{"allow":["GET"]}}],"collection":[{"href":"https:\/\/bronca.es\/index.php?rest_route=\/wp\/v2\/product"}],"about":[{"href":"https:\/\/bronca.es\/index.php?rest_route=\/wp\/v2\/types\/product"}],"replies":[{"embeddable":true,"href":"https:\/\/bronca.es\/index.php?rest_route=%2Fwp%2Fv2%2Fcomments&post=240"}],"wp:featuredmedia":[{"embeddable":true,"href":"https:\/\/bronca.es\/index.php?rest_route=\/wp\/v2\/media\/343"}],"wp:attachment":[{"href":"https:\/\/bronca.es\/index.php?rest_route=%2Fwp%2Fv2%2Fmedia&parent=240"}],"wp:term":[{"taxonomy":"product_brand","embeddable":true,"href":"https:\/\/bronca.es\/index.php?rest_route=%2Fwp%2Fv2%2Fproduct_brand&post=240"},{"taxonomy":"product_cat","embeddable":true,"href":"https:\/\/bronca.es\/index.php?rest_route=%2Fwp%2Fv2%2Fproduct_cat&post=240"},{"taxonomy":"product_tag","embeddable":true,"href":"https:\/\/bronca.es\/index.php?rest_route=%2Fwp%2Fv2%2Fproduct_tag&post=240"}],"curies":[{"name":"wp","href":"https:\/\/api.w.org\/{rel}","templated":true}]}}