{"id":246,"date":"2025-01-28T18:09:38","date_gmt":"2025-01-28T18:09:38","guid":{"rendered":"https:\/\/test.ilerweb.net\/bronca\/?post_type=product&#038;p=246"},"modified":"2025-10-09T17:27:28","modified_gmt":"2025-10-09T17:27:28","slug":"egoaventuras-3-ximi","status":"publish","type":"product","link":"https:\/\/bronca.es\/?product=egoaventuras-3-ximi","title":{"rendered":"Egoaventuras 3 &#8211; Ximi"},"content":{"rendered":"","protected":false},"excerpt":{"rendered":"<p>Te despiertas y, sin m\u00e1s, eres un centollo. Al final del d\u00eda descubrir\u00e1s que, ir\u00f3nicamente, eres al\u00e9rgico al marisco. Ayer eras una cig\u00fce\u00f1a proaborto y antes de ayer fuiste un cacahuete con una forma tan chula que nadie se lo quer\u00eda comer.<\/p>\n<p>Est\u00e1s cansade, est\u00e1s exhauste, el jueves de la semana pasada te levantaste de la cama como bal\u00f3n de f\u00fatbol que usaban para jugar al baloncesto, al d\u00eda siguiente te viste obligade a performar como abogada en un juicio contra el concepto mismo de tiempo y hoy el cambio clim\u00e1tico se ha revertido y la atm\u00f3sfera terrestre emite el mismo sonido que un microondas en modo descongelador.<\/p>\n<p>Has curado el c\u00e1ncer pero el proceso te vuelve radiactivo, has coronado el Everest pero la subida del nivel del mar no para de restar m\u00e9rito a tu haza\u00f1a, has conseguido convertir plomo en oro y ahora el precio del oro se ha desplomado.<\/p>\n<p>Normal que est\u00e9s hasta el mo\u00f1o de tus egoaventuras.<\/p>\n<p>Deber\u00edas descansar.<\/p>\n<p>Rel\u00e1jate leyendo estas otras.<\/p>\n<p>&nbsp;<\/p>\n<p>B\/N Satinado<\/p>\n","protected":false},"featured_media":326,"comment_status":"open","ping_status":"closed","template":"","meta":[],"product_brand":[],"product_cat":[],"product_tag":[],"class_list":{"0":"post-246","1":"product","2":"type-product","3":"status-publish","4":"has-post-thumbnail","7":"first","8":"instock","9":"taxable","10":"shipping-taxable","11":"purchasable","12":"product-type-simple"},"jetpack_sharing_enabled":true,"_links":{"self":[{"href":"https:\/\/bronca.es\/index.php?rest_route=\/wp\/v2\/product\/246","targetHints":{"allow":["GET"]}}],"collection":[{"href":"https:\/\/bronca.es\/index.php?rest_route=\/wp\/v2\/product"}],"about":[{"href":"https:\/\/bronca.es\/index.php?rest_route=\/wp\/v2\/types\/product"}],"replies":[{"embeddable":true,"href":"https:\/\/bronca.es\/index.php?rest_route=%2Fwp%2Fv2%2Fcomments&post=246"}],"wp:featuredmedia":[{"embeddable":true,"href":"https:\/\/bronca.es\/index.php?rest_route=\/wp\/v2\/media\/326"}],"wp:attachment":[{"href":"https:\/\/bronca.es\/index.php?rest_route=%2Fwp%2Fv2%2Fmedia&parent=246"}],"wp:term":[{"taxonomy":"product_brand","embeddable":true,"href":"https:\/\/bronca.es\/index.php?rest_route=%2Fwp%2Fv2%2Fproduct_brand&post=246"},{"taxonomy":"product_cat","embeddable":true,"href":"https:\/\/bronca.es\/index.php?rest_route=%2Fwp%2Fv2%2Fproduct_cat&post=246"},{"taxonomy":"product_tag","embeddable":true,"href":"https:\/\/bronca.es\/index.php?rest_route=%2Fwp%2Fv2%2Fproduct_tag&post=246"}],"curies":[{"name":"wp","href":"https:\/\/api.w.org\/{rel}","templated":true}]}}