{"id":255,"date":"2025-01-28T18:09:44","date_gmt":"2025-01-28T18:09:44","guid":{"rendered":"https:\/\/test.ilerweb.net\/bronca\/?post_type=product&#038;p=255"},"modified":"2026-04-12T17:00:09","modified_gmt":"2026-04-12T17:00:09","slug":"topo-integral-topo-3","status":"publish","type":"product","link":"https:\/\/bronca.es\/?product=topo-integral-topo-3","title":{"rendered":"TOPO&#8217;S TOTUM REVOLOTUM &#8211; Topo"},"content":{"rendered":"","protected":false},"excerpt":{"rendered":"<p>Proveniente, como no, de nuestros m\u00e1s selectos campos de amapolas afganos, Topo&#8217;s totum revolotum es la antolog\u00eda &#8216;andergraun&#8217; que no puedes perderte.<\/p>\n<p>Saborea en primera persona la buena mierda con un repaso a la trayectoria de todo un referente. Adem\u00e1s, en esta obra, se incluye un relato principal escrito para la ocasi\u00f3n y un sinf\u00edn de ilustraciones, tiras c\u00f3micas y punk. Contiene tanto piezas in\u00e9ditas como recopiladas para sujetar en tus manos el arte vomitado por el artista multidisciplinar ilerdense.<\/p>\n","protected":false},"featured_media":422,"comment_status":"open","ping_status":"closed","template":"","meta":[],"product_brand":[],"product_cat":[16],"product_tag":[],"class_list":{"0":"post-255","1":"product","2":"type-product","3":"status-publish","4":"has-post-thumbnail","6":"product_cat-sin-categorizar","8":"first","9":"instock","10":"taxable","11":"shipping-taxable","12":"purchasable","13":"product-type-simple"},"jetpack_sharing_enabled":true,"_links":{"self":[{"href":"https:\/\/bronca.es\/index.php?rest_route=\/wp\/v2\/product\/255","targetHints":{"allow":["GET"]}}],"collection":[{"href":"https:\/\/bronca.es\/index.php?rest_route=\/wp\/v2\/product"}],"about":[{"href":"https:\/\/bronca.es\/index.php?rest_route=\/wp\/v2\/types\/product"}],"replies":[{"embeddable":true,"href":"https:\/\/bronca.es\/index.php?rest_route=%2Fwp%2Fv2%2Fcomments&post=255"}],"wp:featuredmedia":[{"embeddable":true,"href":"https:\/\/bronca.es\/index.php?rest_route=\/wp\/v2\/media\/422"}],"wp:attachment":[{"href":"https:\/\/bronca.es\/index.php?rest_route=%2Fwp%2Fv2%2Fmedia&parent=255"}],"wp:term":[{"taxonomy":"product_brand","embeddable":true,"href":"https:\/\/bronca.es\/index.php?rest_route=%2Fwp%2Fv2%2Fproduct_brand&post=255"},{"taxonomy":"product_cat","embeddable":true,"href":"https:\/\/bronca.es\/index.php?rest_route=%2Fwp%2Fv2%2Fproduct_cat&post=255"},{"taxonomy":"product_tag","embeddable":true,"href":"https:\/\/bronca.es\/index.php?rest_route=%2Fwp%2Fv2%2Fproduct_tag&post=255"}],"curies":[{"name":"wp","href":"https:\/\/api.w.org\/{rel}","templated":true}]}}