{"id":257,"date":"2025-01-28T18:09:44","date_gmt":"2025-01-28T18:09:44","guid":{"rendered":"https:\/\/test.ilerweb.net\/bronca\/?post_type=product&#038;p=257"},"modified":"2025-10-09T17:07:07","modified_gmt":"2025-10-09T17:07:07","slug":"lleida-bajo-una-cupula-colectivo-5","status":"publish","type":"product","link":"https:\/\/bronca.es\/?product=lleida-bajo-una-cupula-colectivo-5","title":{"rendered":"LLEIDA BAJO UNA C\u00daPULA &#8211; Colectivo"},"content":{"rendered":"","protected":false},"excerpt":{"rendered":"<p>Miedo, ansiedad, confusi\u00f3n, congoja, p\u00e1nico, angustia, neurosis, hast\u00edo, psicosis, cansancio, paranoia. Todo parece deberse a una c\u00fapula que cubre por completo el cielo de Lleida.<\/p>\n<p>A partir de esta premisa, cuatro autores de l\u2019Associaci\u00f3 Bronca retuercen el concepto para poder presentarnos cuatro relatos en esta ins\u00f3lita y esperada antolog\u00eda.<\/p>\n<p><a href=\"https:\/\/bronca.es\/albert-kadmon\" target=\"_blank\" rel=\"noopener\">Albert Kadmon<\/a>, <a href=\"https:\/\/bronca.es\/producto\/la-capilla-peligrosa-paginas-afiladas-ii\" target=\"_blank\" rel=\"noopener\">Ferran Mart\u00ednez<\/a>, <a href=\"https:\/\/bronca.es\/ximi\" target=\"_blank\" rel=\"noopener\">Ximi<\/a> y <a href=\"https:\/\/bronca.es\/topo\" target=\"_blank\" rel=\"noopener\">Topo<\/a> plasman sus peores temores en estas p\u00e1ginas tan inquietantes.<\/p>\n<p>Satinado, 36 p\u00e1ginas, B\/N.<\/p>\n","protected":false},"featured_media":323,"comment_status":"open","ping_status":"closed","template":"","meta":[],"product_brand":[],"product_cat":[],"product_tag":[],"class_list":{"0":"post-257","1":"product","2":"type-product","3":"status-publish","4":"has-post-thumbnail","7":"first","8":"instock","9":"taxable","10":"shipping-taxable","11":"purchasable","12":"product-type-simple"},"jetpack_sharing_enabled":true,"_links":{"self":[{"href":"https:\/\/bronca.es\/index.php?rest_route=\/wp\/v2\/product\/257","targetHints":{"allow":["GET"]}}],"collection":[{"href":"https:\/\/bronca.es\/index.php?rest_route=\/wp\/v2\/product"}],"about":[{"href":"https:\/\/bronca.es\/index.php?rest_route=\/wp\/v2\/types\/product"}],"replies":[{"embeddable":true,"href":"https:\/\/bronca.es\/index.php?rest_route=%2Fwp%2Fv2%2Fcomments&post=257"}],"wp:featuredmedia":[{"embeddable":true,"href":"https:\/\/bronca.es\/index.php?rest_route=\/wp\/v2\/media\/323"}],"wp:attachment":[{"href":"https:\/\/bronca.es\/index.php?rest_route=%2Fwp%2Fv2%2Fmedia&parent=257"}],"wp:term":[{"taxonomy":"product_brand","embeddable":true,"href":"https:\/\/bronca.es\/index.php?rest_route=%2Fwp%2Fv2%2Fproduct_brand&post=257"},{"taxonomy":"product_cat","embeddable":true,"href":"https:\/\/bronca.es\/index.php?rest_route=%2Fwp%2Fv2%2Fproduct_cat&post=257"},{"taxonomy":"product_tag","embeddable":true,"href":"https:\/\/bronca.es\/index.php?rest_route=%2Fwp%2Fv2%2Fproduct_tag&post=257"}],"curies":[{"name":"wp","href":"https:\/\/api.w.org\/{rel}","templated":true}]}}