{"id":420,"date":"2026-04-12T16:42:21","date_gmt":"2026-04-12T16:42:21","guid":{"rendered":"https:\/\/bronca.es\/?post_type=product&#038;p=420"},"modified":"2026-04-12T16:42:22","modified_gmt":"2026-04-12T16:42:22","slug":"capita-alkarras-el-comic-trampa-joan-salo","status":"publish","type":"product","link":"https:\/\/bronca.es\/?product=capita-alkarras-el-comic-trampa-joan-salo","title":{"rendered":"CAPIT\u00c0 ALKARR\u00c0S El c\u00f2mic trampa &#8211; Joan Sal\u00f3"},"content":{"rendered":"","protected":false},"excerpt":{"rendered":"<p>Sin\u00f3psi: En aquesta ins\u00f2lita aventura ajudar\u00e0s a l&#8217;heroi m\u00e9s gran del Segri\u00e0 a lluitar per la seva llibertat! C\u00f2mic, llibre d&#8217;activitats, quadern de pintar&#8230; A les teves mans ho tens tot, menys una hist\u00f2ria avorrida. Un c\u00f2mic &#8211; joc d&#8217;en Joan Sal\u00f3<\/p>\n","protected":false},"featured_media":421,"comment_status":"open","ping_status":"closed","template":"","meta":[],"product_brand":[],"product_cat":[16],"product_tag":[],"class_list":{"0":"post-420","1":"product","2":"type-product","3":"status-publish","4":"has-post-thumbnail","6":"product_cat-sin-categorizar","8":"first","9":"instock","10":"taxable","11":"shipping-taxable","12":"purchasable","13":"product-type-simple"},"jetpack_sharing_enabled":true,"_links":{"self":[{"href":"https:\/\/bronca.es\/index.php?rest_route=\/wp\/v2\/product\/420","targetHints":{"allow":["GET"]}}],"collection":[{"href":"https:\/\/bronca.es\/index.php?rest_route=\/wp\/v2\/product"}],"about":[{"href":"https:\/\/bronca.es\/index.php?rest_route=\/wp\/v2\/types\/product"}],"replies":[{"embeddable":true,"href":"https:\/\/bronca.es\/index.php?rest_route=%2Fwp%2Fv2%2Fcomments&post=420"}],"wp:featuredmedia":[{"embeddable":true,"href":"https:\/\/bronca.es\/index.php?rest_route=\/wp\/v2\/media\/421"}],"wp:attachment":[{"href":"https:\/\/bronca.es\/index.php?rest_route=%2Fwp%2Fv2%2Fmedia&parent=420"}],"wp:term":[{"taxonomy":"product_brand","embeddable":true,"href":"https:\/\/bronca.es\/index.php?rest_route=%2Fwp%2Fv2%2Fproduct_brand&post=420"},{"taxonomy":"product_cat","embeddable":true,"href":"https:\/\/bronca.es\/index.php?rest_route=%2Fwp%2Fv2%2Fproduct_cat&post=420"},{"taxonomy":"product_tag","embeddable":true,"href":"https:\/\/bronca.es\/index.php?rest_route=%2Fwp%2Fv2%2Fproduct_tag&post=420"}],"curies":[{"name":"wp","href":"https:\/\/api.w.org\/{rel}","templated":true}]}}