{"id":431,"date":"2026-04-22T10:02:58","date_gmt":"2026-04-22T10:02:58","guid":{"rendered":"https:\/\/bronca.es\/?post_type=product&#038;p=431"},"modified":"2026-04-22T10:08:06","modified_gmt":"2026-04-22T10:08:06","slug":"ximi-elige-tu-propia-egoaventura","status":"publish","type":"product","link":"https:\/\/bronca.es\/?product=ximi-elige-tu-propia-egoaventura","title":{"rendered":"Ximi elige tu propia egoaventura &#8211; Ximi"},"content":{"rendered":"<p>\u00bfHas visto alguna vez una pel\u00edcula en la que un turista insensato compra una mano de mono que concede deseos que se vuelven contra \u00e9l de forma ir\u00f3nica? \u00bfHas le\u00eddo alg\u00fan libro en el que la protagonista entra en una librer\u00eda misteriosa y compra un libro que la absorbe llev\u00e1ndola a un mundo de fantas\u00eda? \u00bfConoces esa historia en la que una entrada de cine m\u00e1gica te lleva al mundo de las pel\u00edculas?<\/p>\n<p>Bueno\u0085 Todo eso son fantas\u00edas. Este es un libro normal. Un simple compendio de relatos de Ximi, un autor normal que escribe historietas normales sin m\u00e1s prop\u00f3sito que el de entretenerte.<\/p>\n<p>Entra por tu cuenta y riesgo.<\/p>\n","protected":false},"excerpt":{"rendered":"<p>\u00bfHas visto alguna vez una pel\u00edcula en la que un turista insensato compra una mano de mono que concede deseos que se vuelven contra \u00e9l de forma ir\u00f3nica? \u00bfHas le\u00eddo alg\u00fan libro en el que la protagonista entra en una librer\u00eda misteriosa y compra un libro que la absorbe llev\u00e1ndola a un mundo de fantas\u00eda? \u00bfConoces esa historia en la que una entrada de cine m\u00e1gica te lleva al mundo de las pel\u00edculas?<\/p>\n<p>Bueno\u0085 Todo eso son fantas\u00edas. Este es un libro normal. Un simple compendio de relatos de Ximi, un autor normal que escribe historietas normales sin m\u00e1s prop\u00f3sito que el de entretenerte.<\/p>\n<p>Entra por tu cuenta y riesgo.<\/p>\n","protected":false},"featured_media":432,"comment_status":"open","ping_status":"closed","template":"","meta":[],"product_brand":[],"product_cat":[16],"product_tag":[],"class_list":{"0":"post-431","1":"product","2":"type-product","3":"status-publish","4":"has-post-thumbnail","6":"product_cat-sin-categorizar","8":"first","9":"instock","10":"taxable","11":"shipping-taxable","12":"purchasable","13":"product-type-simple"},"jetpack_sharing_enabled":true,"_links":{"self":[{"href":"https:\/\/bronca.es\/index.php?rest_route=\/wp\/v2\/product\/431","targetHints":{"allow":["GET"]}}],"collection":[{"href":"https:\/\/bronca.es\/index.php?rest_route=\/wp\/v2\/product"}],"about":[{"href":"https:\/\/bronca.es\/index.php?rest_route=\/wp\/v2\/types\/product"}],"replies":[{"embeddable":true,"href":"https:\/\/bronca.es\/index.php?rest_route=%2Fwp%2Fv2%2Fcomments&post=431"}],"wp:featuredmedia":[{"embeddable":true,"href":"https:\/\/bronca.es\/index.php?rest_route=\/wp\/v2\/media\/432"}],"wp:attachment":[{"href":"https:\/\/bronca.es\/index.php?rest_route=%2Fwp%2Fv2%2Fmedia&parent=431"}],"wp:term":[{"taxonomy":"product_brand","embeddable":true,"href":"https:\/\/bronca.es\/index.php?rest_route=%2Fwp%2Fv2%2Fproduct_brand&post=431"},{"taxonomy":"product_cat","embeddable":true,"href":"https:\/\/bronca.es\/index.php?rest_route=%2Fwp%2Fv2%2Fproduct_cat&post=431"},{"taxonomy":"product_tag","embeddable":true,"href":"https:\/\/bronca.es\/index.php?rest_route=%2Fwp%2Fv2%2Fproduct_tag&post=431"}],"curies":[{"name":"wp","href":"https:\/\/api.w.org\/{rel}","templated":true}]}}